{"id":5762,"date":"2018-10-24T10:18:54","date_gmt":"2018-10-24T10:18:54","guid":{"rendered":"https:\/\/klintaart.com\/veikals-home\/"},"modified":"2024-03-09T10:23:26","modified_gmt":"2024-03-09T10:23:26","slug":"veikals-home","status":"publish","type":"page","link":"https:\/\/klintaart.com\/lv\/","title":{"rendered":"M\u0101ksliniece Klinta Lapsa"},"content":{"rendered":"<p>[vc_row][vc_column]<div class=\"eltdf-elements-holder   eltdf-one-column  eltdf-responsive-mode-768 \" ><div class=\"eltdf-eh-item    \"  data-item-class=\"eltdf-eh-custom-9414\" data-769-1024=\"120px 0 0 0\" data-681-768=\"80px 0 0 0\" data-680=\"40px 0 0 0\">\n\t<div class=\"eltdf-eh-item-inner\">\n\t\t<div class=\"eltdf-eh-item-content eltdf-eh-custom-9414\" >\n\t\t\t[rev_slider_vc alias=&#8221;art-gallery-home&#8221; enable_paspartu=&#8221;no&#8221;]\t\t<\/div>\n\t<\/div>\n<\/div><\/div>[\/vc_column][\/vc_row]<\/p>\n","protected":false},"excerpt":{"rendered":"<p>[vc_row][vc_column][\/vc_column][\/vc_row]<\/p>\n","protected":false},"author":1,"featured_media":5889,"parent":0,"menu_order":0,"comment_status":"closed","ping_status":"closed","template":"full-width.php","meta":{"footnotes":""},"class_list":["post-5762","page","type-page","status-publish","has-post-thumbnail","hentry"],"jetpack-related-posts":[{"id":1422,"url":"https:\/\/klintaart.com\/shop-home\/","url_meta":{"origin":5762,"position":0},"title":"Shop Home","date":"October 24, 2018","format":false,"excerpt":"[vc_row][vc_column][\/vc_column][\/vc_row]","rel":"","context":"Similar post","img":{"alt_text":"","src":"https:\/\/i0.wp.com\/klintaart.com\/wp-content\/uploads\/2023\/05\/DSC05137-scaled.jpg?fit=800%2C1200&ssl=1&resize=350%2C200","width":350,"height":200},"classes":[]},{"id":5775,"url":"https:\/\/klintaart.com\/lv\/veikals-sakums-latviesu-valoda\/","url_meta":{"origin":5762,"position":1},"title":"Veikals S\u0101kums &#8211; Latvie\u0161u valoda","date":"May 1, 2023","format":false,"excerpt":"[vc_row][vc_column][\/vc_column][\/vc_row]","rel":"","context":"Similar post","img":{"alt_text":"","src":"","width":0,"height":0},"classes":[]},{"id":575,"url":"https:\/\/klintaart.com\/contact\/","url_meta":{"origin":5762,"position":2},"title":"Contact","date":"October 19, 2018","format":false,"excerpt":"[vc_row css=\".vc_custom_1541506378070{padding-top: 91px !important;padding-bottom: 18px !important;}\"][vc_column][\/vc_column][\/vc_row]","rel":"","context":"Similar post","img":{"alt_text":"","src":"","width":0,"height":0},"classes":[]},{"id":5765,"url":"https:\/\/klintaart.com\/lv\/sazinieties-ar\/","url_meta":{"origin":5762,"position":3},"title":"Sazinieties ar","date":"October 19, 2018","format":false,"excerpt":"[vc_row css=\".vc_custom_1541506378070{padding-top: 91px !important;padding-bottom: 18px !important;}\"][vc_column][\/vc_column][\/vc_row]","rel":"","context":"Similar post","img":{"alt_text":"","src":"","width":0,"height":0},"classes":[]},{"id":735,"url":"https:\/\/klintaart.com\/faq\/","url_meta":{"origin":5762,"position":4},"title":"FAQ","date":"October 19, 2018","format":false,"excerpt":"[vc_row][vc_column width=\"1\/2\" offset=\"vc_col-lg-offset-0 vc_col-lg-3 vc_col-md-offset-0 vc_col-md-6 vc_col-sm-offset-0\"][vc_widget_sidebar sidebar_id=\"faq\"][\/vc_column][vc_column offset=\"vc_col-lg-offset-0 vc_col-lg-9 vc_col-md-offset-0 vc_col-md-12 vc_col-sm-offset-0\"][\/vc_column][\/vc_row]","rel":"","context":"Similar post","img":{"alt_text":"","src":"","width":0,"height":0},"classes":[]},{"id":5784,"url":"https:\/\/klintaart.com\/lv\/biezak-uzdotie-jautajumi\/","url_meta":{"origin":5762,"position":5},"title":"BIE\u017d\u0100K UZDOTIE JAUT\u0100JUMI","date":"October 19, 2018","format":false,"excerpt":"[vc_row][vc_column width=\"1\/2\" offset=\"vc_col-lg-offset-0 vc_col-lg-3 vc_col-md-offset-0 vc_col-md-6 vc_col-sm-offset-0\"][vc_widget_sidebar sidebar_id=\"faq\"][\/vc_column][vc_column offset=\"vc_col-lg-offset-0 vc_col-lg-9 vc_col-md-offset-0 vc_col-md-12 vc_col-sm-offset-0\"][\/vc_column][\/vc_row]","rel":"","context":"Similar post","img":{"alt_text":"","src":"","width":0,"height":0},"classes":[]}],"_links":{"self":[{"href":"https:\/\/klintaart.com\/lv\/wp-json\/wp\/v2\/pages\/5762","targetHints":{"allow":["GET"]}}],"collection":[{"href":"https:\/\/klintaart.com\/lv\/wp-json\/wp\/v2\/pages"}],"about":[{"href":"https:\/\/klintaart.com\/lv\/wp-json\/wp\/v2\/types\/page"}],"author":[{"embeddable":true,"href":"https:\/\/klintaart.com\/lv\/wp-json\/wp\/v2\/users\/1"}],"replies":[{"embeddable":true,"href":"https:\/\/klintaart.com\/lv\/wp-json\/wp\/v2\/comments?post=5762"}],"version-history":[{"count":6,"href":"https:\/\/klintaart.com\/lv\/wp-json\/wp\/v2\/pages\/5762\/revisions"}],"predecessor-version":[{"id":6083,"href":"https:\/\/klintaart.com\/lv\/wp-json\/wp\/v2\/pages\/5762\/revisions\/6083"}],"wp:featuredmedia":[{"embeddable":true,"href":"https:\/\/klintaart.com\/lv\/wp-json\/wp\/v2\/media\/5889"}],"wp:attachment":[{"href":"https:\/\/klintaart.com\/lv\/wp-json\/wp\/v2\/media?parent=5762"}],"curies":[{"name":"wp","href":"https:\/\/api.w.org\/{rel}","templated":true}]}}