{"id":5771,"date":"2021-06-12T10:51:14","date_gmt":"2021-06-12T10:51:14","guid":{"rendered":"https:\/\/klintaart.com\/mans-konts\/"},"modified":"2021-06-12T10:51:14","modified_gmt":"2021-06-12T10:51:14","slug":"mans-konts","status":"publish","type":"page","link":"https:\/\/klintaart.com\/lv\/mans-konts\/","title":{"rendered":"Mans konts"},"content":{"rendered":"<div class=\"woocommerce\"><\/div>\n","protected":false},"excerpt":{"rendered":"","protected":false},"author":1,"featured_media":0,"parent":0,"menu_order":0,"comment_status":"closed","ping_status":"closed","template":"","meta":{"footnotes":""},"class_list":["post-5771","page","type-page","status-publish","hentry"],"jetpack-related-posts":[{"id":5781,"url":"https:\/\/klintaart.com\/lv\/konfidencialitates-politika\/","url_meta":{"origin":5771,"position":0},"title":"Konfidencialit\u0101tes politika","date":"June 12, 2021","format":false,"excerpt":"\r Kas m\u0113s esam\r \r M\u016bsu t\u012bmek\u013ca vietnes adrese ir: https:\/\/klintaart.com.\r \r Koment\u0101ri\r \r Kad apmekl\u0113t\u0101ji vietn\u0113 atst\u0101j koment\u0101rus, m\u0113s apkopojam koment\u0101ru veidlap\u0101 nor\u0101d\u012btos datus, k\u0101 ar\u012b apmekl\u0113t\u0101ja IP adresi un p\u0101rl\u016bkprogrammas lietot\u0101ja a\u0123enta virkni, lai pal\u012bdz\u0113tu noteikt surog\u0101tpasta s\u016bt\u012bjumus.\r \r No j\u016bsu e-pasta adreses izveidot\u0101 anonimiz\u0113t\u0101 virkne (saukta ar\u012b\u2026","rel":"","context":"Similar post","img":{"alt_text":"","src":"","width":0,"height":0},"classes":[]},{"id":5778,"url":"https:\/\/klintaart.com\/lv\/mans-portfolio\/","url_meta":{"origin":5771,"position":1},"title":"Mans portfolio","date":"October 30, 2018","format":false,"excerpt":"[vc_row][vc_column][\/vc_column][\/vc_row]","rel":"","context":"Similar post","img":{"alt_text":"","src":"","width":0,"height":0},"classes":[]},{"id":5784,"url":"https:\/\/klintaart.com\/lv\/biezak-uzdotie-jautajumi\/","url_meta":{"origin":5771,"position":2},"title":"BIE\u017d\u0100K UZDOTIE JAUT\u0100JUMI","date":"October 19, 2018","format":false,"excerpt":"[vc_row][vc_column width=\"1\/2\" offset=\"vc_col-lg-offset-0 vc_col-lg-3 vc_col-md-offset-0 vc_col-md-6 vc_col-sm-offset-0\"][vc_widget_sidebar sidebar_id=\"faq\"][\/vc_column][vc_column offset=\"vc_col-lg-offset-0 vc_col-lg-9 vc_col-md-offset-0 vc_col-md-12 vc_col-sm-offset-0\"][\/vc_column][\/vc_row]","rel":"","context":"Similar post","img":{"alt_text":"","src":"","width":0,"height":0},"classes":[]},{"id":5790,"url":"https:\/\/klintaart.com\/lv\/par-mani-2\/","url_meta":{"origin":5771,"position":3},"title":"Par mani","date":"May 1, 2023","format":false,"excerpt":"[vc_row css=\".vc_custom_1544619420223{padding-top: 4.8% !important;padding-bottom: 7.1% !important;}\"][vc_column][\/vc_column][\/vc_row]","rel":"","context":"Similar post","img":{"alt_text":"","src":"","width":0,"height":0},"classes":[]}],"_links":{"self":[{"href":"https:\/\/klintaart.com\/lv\/wp-json\/wp\/v2\/pages\/5771","targetHints":{"allow":["GET"]}}],"collection":[{"href":"https:\/\/klintaart.com\/lv\/wp-json\/wp\/v2\/pages"}],"about":[{"href":"https:\/\/klintaart.com\/lv\/wp-json\/wp\/v2\/types\/page"}],"author":[{"embeddable":true,"href":"https:\/\/klintaart.com\/lv\/wp-json\/wp\/v2\/users\/1"}],"replies":[{"embeddable":true,"href":"https:\/\/klintaart.com\/lv\/wp-json\/wp\/v2\/comments?post=5771"}],"version-history":[{"count":0,"href":"https:\/\/klintaart.com\/lv\/wp-json\/wp\/v2\/pages\/5771\/revisions"}],"wp:attachment":[{"href":"https:\/\/klintaart.com\/lv\/wp-json\/wp\/v2\/media?parent=5771"}],"curies":[{"name":"wp","href":"https:\/\/api.w.org\/{rel}","templated":true}]}}