{"id":5784,"date":"2018-10-19T14:37:33","date_gmt":"2018-10-19T14:37:33","guid":{"rendered":"https:\/\/klintaart.com\/biezak-uzdotie-jautajumi\/"},"modified":"2023-05-07T11:40:56","modified_gmt":"2023-05-07T11:40:56","slug":"biezak-uzdotie-jautajumi","status":"publish","type":"page","link":"https:\/\/klintaart.com\/lv\/biezak-uzdotie-jautajumi\/","title":{"rendered":"BIE\u017d\u0100K UZDOTIE JAUT\u0100JUMI"},"content":{"rendered":"<p>[vc_row][vc_column width=&#8221;1\/2&#8243; offset=&#8221;vc_col-lg-offset-0 vc_col-lg-3 vc_col-md-offset-0 vc_col-md-6 vc_col-sm-offset-0&#8243;][vc_widget_sidebar sidebar_id=&#8221;faq&#8221;][\/vc_column][vc_column offset=&#8221;vc_col-lg-offset-0 vc_col-lg-9 vc_col-md-offset-0 vc_col-md-12 vc_col-sm-offset-0&#8243;]<div class=\"eltdf-elements-holder   eltdf-one-column  eltdf-responsive-mode-768 \" ><div class=\"eltdf-eh-item    \"  data-item-class=\"eltdf-eh-custom-7862\" data-769-1024=\"63px 0 66px 0\" data-681-768=\"63px 0 66px 0\" data-680=\"63px 0 66px 0\">\n\t<div class=\"eltdf-eh-item-inner\">\n\t\t<div class=\"eltdf-eh-item-content eltdf-eh-custom-7862\" style=\"padding: 152px 0 153px 19px\">\n\t\t\t<div class=\"eltdf-accordion-holder eltdf-ac-default  eltdf-accordion  clearfix\">\n\t<h5 class=\"eltdf-accordion-title\">\n    <span class=\"eltdf-accordion-mark\">\n\t\t<span class=\"eltdf-plus\"><\/span>\n\t\t<span class=\"eltdf-minus\"><\/span>\n\t<\/span>\n\t<span class=\"eltdf-tab-title\">Shipping costs and regions<\/span>\n<\/h5>\n<div class=\"eltdf-accordion-content\">\n\t<div class=\"eltdf-accordion-content-inner\">\n\t\t[vc_column_text]S\u016btot savus darbus, es izmantoju <a href=\"https:\/\/www.pasts.lv\/en\/\">Latvijas Pastu<\/a>.<br \/>\nS\u016bt\u012bjumi Latvijas robe\u017e\u0101s maks\u0101 15 EUR, bet starptautiskie s\u016bt\u012bjumi maks\u0101 39 EUR. Pieg\u0101de ir pieejama vis\u0101 pasaul\u0113.<\/p>\n<p>Ja v\u0113laties izmantot DHL, UPS vai citus ekspress pieg\u0101des pakalpojumus, l\u016bdzu, sazinieties ar mani pa e-pastu, lai apspriestu s\u012bk\u0101k. Es jums apr\u0113\u0137in\u0101\u0161u pieg\u0101des izmaksas.[\/vc_column_text]\t<\/div>\n<\/div><h5 class=\"eltdf-accordion-title\">\n    <span class=\"eltdf-accordion-mark\">\n\t\t<span class=\"eltdf-plus\"><\/span>\n\t\t<span class=\"eltdf-minus\"><\/span>\n\t<\/span>\n\t<span class=\"eltdf-tab-title\">How long will it take for me to receive the parcel?<\/span>\n<\/h5>\n<div class=\"eltdf-accordion-content\">\n\t<div class=\"eltdf-accordion-content-inner\">\n\t\t[vc_column_text]Latvija: l\u012bdz 5 dien\u0101m<\/p>\n<p>Vis\u0101 pasaul\u0113: divas l\u012bdz \u010detras ned\u0113\u013cas.<\/p>\n<p>&nbsp;<\/p>\n<p>Ja v\u0113laties izmantot eksprespieg\u0101di, piem\u0113ram, DHL, UPS, FedEx, sazinieties ar mani pirms pas\u016bt\u012bjuma veik\u0161anas![\/vc_column_text]\t<\/div>\n<\/div><h5 class=\"eltdf-accordion-title\">\n    <span class=\"eltdf-accordion-mark\">\n\t\t<span class=\"eltdf-plus\"><\/span>\n\t\t<span class=\"eltdf-minus\"><\/span>\n\t<\/span>\n\t<span class=\"eltdf-tab-title\">Do you accept custom orders?<\/span>\n<\/h5>\n<div class=\"eltdf-accordion-content\">\n\t<div class=\"eltdf-accordion-content-inner\">\n\t\t[vc_column_text]J\u0101, es pie\u0146emu!<\/p>\n<p>L\u016bdzu, rakstiet man, lai p\u0101rrun\u0101tu deta\u013cas par gleznu, kuru v\u0113laties, lai uzgleznoju.[\/vc_column_text]\t<\/div>\n<\/div><h5 class=\"eltdf-accordion-title\">\n    <span class=\"eltdf-accordion-mark\">\n\t\t<span class=\"eltdf-plus\"><\/span>\n\t\t<span class=\"eltdf-minus\"><\/span>\n\t<\/span>\n\t<span class=\"eltdf-tab-title\">Are there any other available payment options?<\/span>\n<\/h5>\n<div class=\"eltdf-accordion-content\">\n\t<div class=\"eltdf-accordion-content-inner\">\n\t\t[vc_column_text]Lai sa\u0146emtu citas maks\u0101jumu iesp\u0113jas, l\u016bdzu, rakstiet man, lai p\u0101rrun\u0101tu s\u012bk\u0101k.[\/vc_column_text]\t<\/div>\n<\/div><\/div>\t\t<\/div>\n\t<\/div>\n<\/div><\/div>[\/vc_column][\/vc_row]<\/p>\n","protected":false},"excerpt":{"rendered":"<p>[vc_row][vc_column width=&#8221;1\/2&#8243; offset=&#8221;vc_col-lg-offset-0 vc_col-lg-3 vc_col-md-offset-0 vc_col-md-6 vc_col-sm-offset-0&#8243;][vc_widget_sidebar sidebar_id=&#8221;faq&#8221;][\/vc_column][vc_column offset=&#8221;vc_col-lg-offset-0 vc_col-lg-9 vc_col-md-offset-0 vc_col-md-12 vc_col-sm-offset-0&#8243;][\/vc_column][\/vc_row]<\/p>\n","protected":false},"author":1,"featured_media":0,"parent":0,"menu_order":0,"comment_status":"closed","ping_status":"closed","template":"","meta":{"footnotes":""},"class_list":["post-5784","page","type-page","status-publish","hentry"],"jetpack-related-posts":[{"id":735,"url":"https:\/\/klintaart.com\/faq\/","url_meta":{"origin":5784,"position":0},"title":"FAQ","date":"October 19, 2018","format":false,"excerpt":"[vc_row][vc_column width=\"1\/2\" offset=\"vc_col-lg-offset-0 vc_col-lg-3 vc_col-md-offset-0 vc_col-md-6 vc_col-sm-offset-0\"][vc_widget_sidebar sidebar_id=\"faq\"][\/vc_column][vc_column offset=\"vc_col-lg-offset-0 vc_col-lg-9 vc_col-md-offset-0 vc_col-md-12 vc_col-sm-offset-0\"][\/vc_column][\/vc_row]","rel":"","context":"Similar post","img":{"alt_text":"","src":"","width":0,"height":0},"classes":[]},{"id":5765,"url":"https:\/\/klintaart.com\/lv\/sazinieties-ar\/","url_meta":{"origin":5784,"position":1},"title":"Sazinieties ar","date":"October 19, 2018","format":false,"excerpt":"[vc_row css=\".vc_custom_1541506378070{padding-top: 91px !important;padding-bottom: 18px !important;}\"][vc_column][\/vc_column][\/vc_row]","rel":"","context":"Similar post","img":{"alt_text":"","src":"","width":0,"height":0},"classes":[]}],"_links":{"self":[{"href":"https:\/\/klintaart.com\/lv\/wp-json\/wp\/v2\/pages\/5784","targetHints":{"allow":["GET"]}}],"collection":[{"href":"https:\/\/klintaart.com\/lv\/wp-json\/wp\/v2\/pages"}],"about":[{"href":"https:\/\/klintaart.com\/lv\/wp-json\/wp\/v2\/types\/page"}],"author":[{"embeddable":true,"href":"https:\/\/klintaart.com\/lv\/wp-json\/wp\/v2\/users\/1"}],"replies":[{"embeddable":true,"href":"https:\/\/klintaart.com\/lv\/wp-json\/wp\/v2\/comments?post=5784"}],"version-history":[{"count":5,"href":"https:\/\/klintaart.com\/lv\/wp-json\/wp\/v2\/pages\/5784\/revisions"}],"predecessor-version":[{"id":5862,"href":"https:\/\/klintaart.com\/lv\/wp-json\/wp\/v2\/pages\/5784\/revisions\/5862"}],"wp:attachment":[{"href":"https:\/\/klintaart.com\/lv\/wp-json\/wp\/v2\/media?parent=5784"}],"curies":[{"name":"wp","href":"https:\/\/api.w.org\/{rel}","templated":true}]}}