{"id":5788,"date":"2018-10-18T15:05:35","date_gmt":"2018-10-18T15:05:35","guid":{"rendered":"https:\/\/klintaart.com\/par-mani\/"},"modified":"2025-06-13T09:38:43","modified_gmt":"2025-06-13T09:38:43","slug":"par-mani","status":"publish","type":"page","link":"https:\/\/klintaart.com\/lv\/par-mani\/","title":{"rendered":"Par mani"},"content":{"rendered":"<p>[vc_row css=&#8221;.vc_custom_1544619420223{padding-top: 4.8% !important;padding-bottom: 7.1% !important;}&#8221;][vc_column]<div class=\"FixedImg\">\n    <div class=\"FixedImg__Left\">\n\t\t<img loading=\"lazy\" decoding=\"async\" width=\"1008\" height=\"756\" src=\"https:\/\/i0.wp.com\/klintaart.com\/wp-content\/uploads\/2021\/07\/IMG_3164.jpg?fit=1008%2C756&amp;ssl=1\" class=\"attachment-full size-full\" alt=\"Klinta Lapsa artist\" srcset=\"https:\/\/i0.wp.com\/klintaart.com\/wp-content\/uploads\/2021\/07\/IMG_3164.jpg?w=1008&amp;ssl=1 1008w, https:\/\/i0.wp.com\/klintaart.com\/wp-content\/uploads\/2021\/07\/IMG_3164.jpg?resize=300%2C225&amp;ssl=1 300w, https:\/\/i0.wp.com\/klintaart.com\/wp-content\/uploads\/2021\/07\/IMG_3164.jpg?resize=768%2C576&amp;ssl=1 768w, https:\/\/i0.wp.com\/klintaart.com\/wp-content\/uploads\/2021\/07\/IMG_3164.jpg?resize=600%2C450&amp;ssl=1 600w\" sizes=\"auto, (max-width: 1008px) 100vw, 1008px\" \/>\t\t            <div class=\"FixedImg__Left__Text\" style=\"font-size: 640px;color: #ffffff\">\n\t\t\t\tHi            <\/div> <!-- \/.FixedImg__Left__Text -->\n\t\t    <\/div> <!-- \/.FixedImg__Left -->\n    <div class=\"FixedImg__Right\">\n\t\t<div class=\"fixed-img-item\" style=\"padding: 0 27% 0 0\">\n\t[vc_column_text]<\/p>\n<h1>Mani sauc Klinta.<br \/>\nPrieks iepaz\u012bties.<\/h1>\n<p>[\/vc_column_text][vc_empty_space height=&#8221;31px&#8221;][vc_column_text]<\/p>\n<p data-start=\"113\" data-end=\"402\">Par saviem darbiem es varu teikt, ka\u00a0 t\u0101 ir <strong data-start=\"1772\" data-end=\"1828\">m\u0101ksla, kas dzimst saj\u016bt\u0101s un run\u0101 tie\u0161i uz sirdi. <\/strong><strong data-start=\"1831\" data-end=\"1900\">Katrs darbs \u2013 unik\u0101ls, intuit\u012bvs, piepild\u012bts ar gaismu un st\u0101stu.<\/strong><\/p>\n<p data-start=\"113\" data-end=\"402\">Jau kop\u0161 b\u0113rn\u012bbas mani valdzin\u0101ja daba, kr\u0101sas un viss nosl\u0113pumainais. Viena no man\u0101m m\u012b\u013c\u0101kaj\u0101m nodarb\u0113m bija vienk\u0101r\u0161i gul\u0113t z\u0101l\u0113, skat\u012bties debes\u012bs un \u013caut izt\u0113lei lidot l\u012bdzi m\u0101ko\u0146iem. Es redz\u0113ju st\u0101stus. Es rad\u012bju pasaules debes\u012bs.<\/p>\n<p data-start=\"404\" data-end=\"741\">Pirms asto\u0146iem gadiem mana dz\u012bve main\u012bj\u0101s l\u012bdz nepaz\u012b\u0161anai. Piedz\u012bvoju notikumu, kas mani burtiski p\u0101rstart\u0113ja \u2013 es nomiru un atgriezos. \u0160\u012b pieredze k\u013cuva par robe\u017e\u0161\u0137irtni starp &#8220;pirms&#8221; un &#8220;p\u0113c&#8221;. Un tie\u0161i tad, piln\u012bgi negaid\u012bti, man\u0101 dz\u012bv\u0113 ien\u0101ca glezno\u0161ana. It k\u0101 k\u0101da neredzama roka b\u016btu atv\u0113rusi durvis uz manas dv\u0113seles kr\u0101su paleti.<\/p>\n<p data-start=\"743\" data-end=\"1139\">Kop\u0161 t\u0101 laika glezno\u0161ana ir k\u013cuvusi par manu ikdienas medit\u0101ciju. Es \u013caujos saj\u016bt\u0101m, \u013cauju glezn\u0101m rasties pa\u0161\u0101m. T\u0113li, ainavas, kr\u0101sas \u2013 tie atn\u0101k pie manis k\u0101 v\u0113stne\u0161i no cita l\u012bme\u0146a. T\u0101 ir saj\u016bta, ko nevar izskaidrot, tikai piedz\u012bvot. Katra glezna ir k\u0101 logs uz iek\u0161\u0113jo pasauli \u2013 unik\u0101la, dziedino\u0161a, pilna ar gaismu un labv\u0113l\u012bgu ener\u0123iju. Taj\u0101s es ielieku domas, v\u0113l\u0113jumus un klus\u0101s l\u016bg\u0161anas.<\/p>\n<p data-start=\"1141\" data-end=\"1357\">Es ticu, ka katrai gleznai ir savs cilv\u0113ks \u2013 tas, kuram t\u0101 ir dom\u0101ta. Ja v\u0113l neesi atradis savu, neuztraucies \u2013 \u012bstais br\u012bdis v\u0113l tikai n\u0101k. Un, kad to ieraudz\u012bsi, tu zin\u0101si \u2013 \u0161\u012b ir t\u0101 glezna, kas run\u0101 tie\u0161i ar tevi.<\/p>\n<p data-start=\"1359\" data-end=\"1524\">Mani darbi \u0161obr\u012bd ir da\u013ca no priv\u0101t\u0101m un publisk\u0101m kolekcij\u0101m vis\u0101 pasaul\u0113 \u2013 un katrs no tiem nes da\u013ci\u0146u manas p\u0101rdz\u012bvot\u0101s transform\u0101cijas un miera, ko atnes m\u0101ksla.<\/p>\n<p>[\/vc_column_text][vc_column_text]<\/p>\n<h5>Kontaktinform\u0101cija<\/h5>\n<p>[\/vc_column_text][vc_empty_space height=&#8221;13px&#8221;][vc_column_text]<\/p>\n<h6 style=\"margin-top: 7px;\"><a href=\"mailto:klinta@klintaart.com\">E : klinta@klintaart.com<\/a><\/h6>\n<p>[\/vc_column_text][vc_column_text]<\/p>\n<h6 style=\"margin-top: 7px;\">T : +371 25547445<\/h6>\n<p>[\/vc_column_text][vc_empty_space height=&#8221;45px&#8221;][vc_column_text]<\/p>\n<h5>Sazinieties ar mani<\/h5>\n<p>[\/vc_column_text][vc_empty_space height=&#8221;8px&#8221;]\n<div class=\"wpcf7 no-js\" id=\"wpcf7-f5821-o1\" lang=\"lv-LV\" dir=\"ltr\">\n<div class=\"screen-reader-response\"><p role=\"status\" aria-live=\"polite\" aria-atomic=\"true\"><\/p> <ul><\/ul><\/div>\n<form action=\"\/lv\/wp-json\/wp\/v2\/pages\/5788#wpcf7-f5821-o1\" method=\"post\" class=\"wpcf7-form init\" aria-label=\"Contact form\" novalidate=\"novalidate\" data-status=\"init\">\n<div style=\"display: none;\">\n<input type=\"hidden\" name=\"_wpcf7\" value=\"5821\" \/>\n<input type=\"hidden\" name=\"_wpcf7_version\" value=\"5.7.6\" \/>\n<input type=\"hidden\" name=\"_wpcf7_locale\" value=\"lv_LV\" \/>\n<input type=\"hidden\" name=\"_wpcf7_unit_tag\" value=\"wpcf7-f5821-o1\" \/>\n<input type=\"hidden\" name=\"_wpcf7_container_post\" value=\"0\" \/>\n<input type=\"hidden\" name=\"_wpcf7_posted_data_hash\" value=\"\" \/>\n<input type=\"hidden\" name=\"_wpcf7_recaptcha_response\" value=\"\" \/>\n<\/div>\n<p><label> J\u016bsu v\u0101rds<br \/>\n<span class=\"wpcf7-form-control-wrap\" data-name=\"your-name\"><input size=\"40\" class=\"wpcf7-form-control wpcf7-text wpcf7-validates-as-required\" aria-required=\"true\" aria-invalid=\"false\" value=\"\" type=\"text\" name=\"your-name\" \/><\/span> <\/label>\n<\/p>\n<p><label> J\u016bsu e-pasta adrese<br \/>\n<span class=\"wpcf7-form-control-wrap\" data-name=\"your-email\"><input size=\"40\" class=\"wpcf7-form-control wpcf7-text wpcf7-email wpcf7-validates-as-required wpcf7-validates-as-email\" aria-required=\"true\" aria-invalid=\"false\" value=\"\" type=\"email\" name=\"your-email\" \/><\/span> <\/label>\n<\/p>\n<p><label> Temats<br \/>\n<span class=\"wpcf7-form-control-wrap\" data-name=\"your-subject\"><input size=\"40\" class=\"wpcf7-form-control wpcf7-text wpcf7-validates-as-required\" aria-required=\"true\" aria-invalid=\"false\" value=\"\" type=\"text\" name=\"your-subject\" \/><\/span> <\/label>\n<\/p>\n<p><label> J\u016bsu zi\u0146a (p\u0113c izv\u0113les)<br \/>\n<span class=\"wpcf7-form-control-wrap\" data-name=\"your-message\"><textarea cols=\"40\" rows=\"10\" class=\"wpcf7-form-control wpcf7-textarea\" aria-invalid=\"false\" name=\"your-message\"><\/textarea><\/span> <\/label>\n<\/p>\n<p><button class=\"wpcf7-form-control wpcf7-submit eltdf-btn eltdf-btn-small eltdf-btn-solid\" type=\"submit\"><span class=\"eltdf-btn-text\">Submit<\/span><\/button>\n<\/p><div class=\"wpcf7-response-output\" aria-hidden=\"true\"><\/div>\n<\/form>\n<\/div>\n<\/div> <!-- \/.fixed-img-item -->    <\/div> <!-- \/.FixedImg__Right -->\n    <div class=\"FixedImg__Helper\"><\/div>\n<\/div>\n\n\n[\/vc_column][\/vc_row]<\/p>\n","protected":false},"excerpt":{"rendered":"<p>[vc_row css=&#8221;.vc_custom_1544619420223{padding-top: 4.8% !important;padding-bottom: 7.1% !important;}&#8221;][vc_column][\/vc_column][\/vc_row]<\/p>\n","protected":false},"author":1,"featured_media":0,"parent":0,"menu_order":0,"comment_status":"closed","ping_status":"closed","template":"full-width.php","meta":{"footnotes":""},"class_list":["post-5788","page","type-page","status-publish","hentry"],"jetpack-related-posts":[{"id":5790,"url":"https:\/\/klintaart.com\/lv\/par-mani-2\/","url_meta":{"origin":5788,"position":0},"title":"Par mani","date":"May 1, 2023","format":false,"excerpt":"[vc_row css=\".vc_custom_1544619420223{padding-top: 4.8% !important;padding-bottom: 7.1% !important;}\"][vc_column][\/vc_column][\/vc_row]","rel":"","context":"Similar post","img":{"alt_text":"","src":"","width":0,"height":0},"classes":[]},{"id":5781,"url":"https:\/\/klintaart.com\/lv\/konfidencialitates-politika\/","url_meta":{"origin":5788,"position":1},"title":"Konfidencialit\u0101tes politika","date":"June 12, 2021","format":false,"excerpt":"\r Kas m\u0113s esam\r \r M\u016bsu t\u012bmek\u013ca vietnes adrese ir: https:\/\/klintaart.com.\r \r Koment\u0101ri\r \r Kad apmekl\u0113t\u0101ji vietn\u0113 atst\u0101j koment\u0101rus, m\u0113s apkopojam koment\u0101ru veidlap\u0101 nor\u0101d\u012btos datus, k\u0101 ar\u012b apmekl\u0113t\u0101ja IP adresi un p\u0101rl\u016bkprogrammas lietot\u0101ja a\u0123enta virkni, lai pal\u012bdz\u0113tu noteikt surog\u0101tpasta s\u016bt\u012bjumus.\r \r No j\u016bsu e-pasta adreses izveidot\u0101 anonimiz\u0113t\u0101 virkne (saukta ar\u012b\u2026","rel":"","context":"Similar post","img":{"alt_text":"","src":"","width":0,"height":0},"classes":[]},{"id":5784,"url":"https:\/\/klintaart.com\/lv\/biezak-uzdotie-jautajumi\/","url_meta":{"origin":5788,"position":2},"title":"BIE\u017d\u0100K UZDOTIE JAUT\u0100JUMI","date":"October 19, 2018","format":false,"excerpt":"[vc_row][vc_column width=\"1\/2\" offset=\"vc_col-lg-offset-0 vc_col-lg-3 vc_col-md-offset-0 vc_col-md-6 vc_col-sm-offset-0\"][vc_widget_sidebar sidebar_id=\"faq\"][\/vc_column][vc_column offset=\"vc_col-lg-offset-0 vc_col-lg-9 vc_col-md-offset-0 vc_col-md-12 vc_col-sm-offset-0\"][\/vc_column][\/vc_row]","rel":"","context":"Similar post","img":{"alt_text":"","src":"","width":0,"height":0},"classes":[]}],"_links":{"self":[{"href":"https:\/\/klintaart.com\/lv\/wp-json\/wp\/v2\/pages\/5788","targetHints":{"allow":["GET"]}}],"collection":[{"href":"https:\/\/klintaart.com\/lv\/wp-json\/wp\/v2\/pages"}],"about":[{"href":"https:\/\/klintaart.com\/lv\/wp-json\/wp\/v2\/types\/page"}],"author":[{"embeddable":true,"href":"https:\/\/klintaart.com\/lv\/wp-json\/wp\/v2\/users\/1"}],"replies":[{"embeddable":true,"href":"https:\/\/klintaart.com\/lv\/wp-json\/wp\/v2\/comments?post=5788"}],"version-history":[{"count":18,"href":"https:\/\/klintaart.com\/lv\/wp-json\/wp\/v2\/pages\/5788\/revisions"}],"predecessor-version":[{"id":6209,"href":"https:\/\/klintaart.com\/lv\/wp-json\/wp\/v2\/pages\/5788\/revisions\/6209"}],"wp:attachment":[{"href":"https:\/\/klintaart.com\/lv\/wp-json\/wp\/v2\/media?parent=5788"}],"curies":[{"name":"wp","href":"https:\/\/api.w.org\/{rel}","templated":true}]}}