{"id":5823,"date":"2021-06-12T14:07:23","date_gmt":"2021-06-12T14:07:23","guid":{"rendered":"https:\/\/klintaart.com\/product\/neverland\/"},"modified":"2023-11-22T19:20:15","modified_gmt":"2023-11-22T19:20:15","slug":"neverland","status":"publish","type":"product","link":"https:\/\/klintaart.com\/lv\/product\/neverland\/","title":{"rendered":"NEVERLAND"},"content":{"rendered":"","protected":false},"excerpt":{"rendered":"<p>Klintas Lapsas ori\u0123in\u0101l\u0101 abstrakt\u0101 glezna.<\/p>\n<p>Izm\u0113rs: 69x69x3 cm, e\u013c\u013ca uz audekla.<\/p>\n<p>Gatavs lik\u0161anai pie sienas. Ier\u0101m\u0113ta<\/p>\n<p>&nbsp;<\/p>\n<p>Kopum\u0101 es redzu br\u012bnumus un pasauli uztveru k\u0101 vienu lielu m\u0101kslas darbu. \u0160oreiz mans redz\u0113jums atspogu\u013cojas vien\u0101 no izbraukuma plen\u0113riem Latvijas p\u013cav\u0101.<\/p>\n","protected":false},"featured_media":5683,"comment_status":"open","ping_status":"closed","template":"","meta":[],"product_cat":[139],"product_tag":[141,142],"class_list":["post-5823","product","type-product","status-publish","has-post-thumbnail","hentry","product_cat-gleznas","product_tag-ella-uz-audekla","product_tag-krasosana"],"jetpack-related-posts":[],"_links":{"self":[{"href":"https:\/\/klintaart.com\/lv\/wp-json\/wp\/v3\/product\/5823","targetHints":{"allow":["GET"]}}],"collection":[{"href":"https:\/\/klintaart.com\/lv\/wp-json\/wp\/v3\/product"}],"about":[{"href":"https:\/\/klintaart.com\/lv\/wp-json\/wp\/v2\/types\/product"}],"replies":[{"embeddable":true,"href":"https:\/\/klintaart.com\/lv\/wp-json\/wp\/v2\/comments?post=5823"}],"wp:featuredmedia":[{"embeddable":true,"href":"https:\/\/klintaart.com\/lv\/wp-json\/wp\/v2\/media\/5683"}],"wp:attachment":[{"href":"https:\/\/klintaart.com\/lv\/wp-json\/wp\/v2\/media?parent=5823"}],"wp:term":[{"taxonomy":"product_cat","embeddable":true,"href":"https:\/\/klintaart.com\/lv\/wp-json\/wp\/v2\/product_cat?post=5823"},{"taxonomy":"product_tag","embeddable":true,"href":"https:\/\/klintaart.com\/lv\/wp-json\/wp\/v2\/product_tag?post=5823"}],"curies":[{"name":"wp","href":"https:\/\/api.w.org\/{rel}","templated":true}]}}