{"id":5825,"date":"2021-11-14T10:12:33","date_gmt":"2021-11-14T10:12:33","guid":{"rendered":"https:\/\/klintaart.com\/product\/pilseta\/"},"modified":"2021-11-14T10:12:33","modified_gmt":"2021-11-14T10:12:33","slug":"pilseta-city-oil-on-canvas-25-cm-x-35-cm","status":"publish","type":"product","link":"https:\/\/klintaart.com\/lv\/product\/pilseta-city-oil-on-canvas-25-cm-x-35-cm\/","title":{"rendered":"PILS\u0112TA"},"content":{"rendered":"","protected":false},"excerpt":{"rendered":"<p>Klinta Lapsa ori\u0123in\u0101l\u0101 abstrakt\u0101 glezna.<\/p>\n<p>Izm\u0113rs: 30x26x2 cm, e\u013c\u013ca uz audek\u013ca.<\/p>\n<p>Gatavs pak\u0101r\u0161anai. Ier\u0101m\u0113ts.<\/p>\n","protected":false},"featured_media":5655,"comment_status":"open","ping_status":"closed","template":"","meta":[],"product_cat":[139],"product_tag":[141],"class_list":["post-5825","product","type-product","status-publish","has-post-thumbnail","hentry","product_cat-gleznas","product_tag-ella-uz-audekla"],"jetpack-related-posts":[{"id":5877,"url":"https:\/\/klintaart.com\/lv\/product\/ritosa-jura\/","url_meta":{"origin":5825,"position":0},"title":"ROLLING SEA","date":"May 22, 2023","format":false,"excerpt":"Klintas Lapsas ori\u0123in\u0101l\u0101 abstrakt\u0101 glezna. Izm\u0113rs: 100x120x2 cm, e\u013c\u013ca uz audekla. Gatavs lik\u0161anai pie sienas.","rel":"","context":"Similar post","img":{"alt_text":"","src":"https:\/\/i0.wp.com\/klintaart.com\/wp-content\/uploads\/2023\/05\/Living_room_with_bench_sofa_and_table-2-scaled.jpg?fit=1200%2C1200&ssl=1&resize=350%2C200","width":350,"height":200},"classes":[]},{"id":6179,"url":"https:\/\/klintaart.com\/lv\/product\/6179\/","url_meta":{"origin":5825,"position":1},"title":"NEL BLU","date":"September 1, 2024","format":false,"excerpt":"Klintas Lapsas ori\u0123in\u0101l\u0101 abstrakt\u0101 glezna. Izm\u0113rs:100x70x2 cm, e\u013c\u013ca uz audek\u013ca. Ier\u0101m\u0113ts. Gatavs lik\u0161anai pie sienas.","rel":"","context":"Similar post","img":{"alt_text":"","src":"https:\/\/i0.wp.com\/klintaart.com\/wp-content\/uploads\/2024\/09\/room-with-a-contemporary-armchair.jpg?fit=900%2C1200&ssl=1&resize=350%2C200","width":350,"height":200},"classes":[]},{"id":6203,"url":"https:\/\/klintaart.com\/lv\/product\/riflessione\/","url_meta":{"origin":5825,"position":2},"title":"RIFLESSIONE","date":"April 28, 2025","format":false,"excerpt":"Klintas Lapsas ori\u0123in\u0101l\u0101 abstrakt\u0101 glezna. Izm\u0113rs:80x80x2 cm, e\u013c\u013ca uz audek\u013ca. Ier\u0101m\u0113ts. Gatavs lik\u0161anai pie sienas.","rel":"","context":"Similar post","img":{"alt_text":"","src":"https:\/\/i0.wp.com\/klintaart.com\/wp-content\/uploads\/2025\/04\/7.jpg?fit=743%2C916&ssl=1&resize=350%2C200","width":350,"height":200},"classes":[]},{"id":6093,"url":"https:\/\/klintaart.com\/lv\/product\/carpe-diem\/","url_meta":{"origin":5825,"position":3},"title":"CARPE DIEM","date":"April 25, 2024","format":false,"excerpt":"Klintas Lapsas ori\u0123in\u0101l\u0101 abstrakt\u0101 glezna. Izm\u0113rs: 80x80x2 cm, e\u013c\u013ca uz audekla. Gatavs lik\u0161anai pie sienas.","rel":"","context":"Similar post","img":{"alt_text":"","src":"https:\/\/i0.wp.com\/klintaart.com\/wp-content\/uploads\/2024\/04\/contemporary-interior-with-fancy-cabinet-1-scaled.jpg?fit=675%2C1200&ssl=1&resize=350%2C200","width":350,"height":200},"classes":[]},{"id":5838,"url":"https:\/\/klintaart.com\/lv\/product\/greku-pilseta\/","url_meta":{"origin":5825,"position":4},"title":"SIN CITY","date":"May 6, 2023","format":false,"excerpt":"Klintas Lapsas ori\u0123in\u0101l\u0101 abstrakt\u0101 glezna. Izm\u0113rs: 90x90x2 cm, e\u013c\u013ca uz audekla. Gatavs lik\u0161anai pie sienas.","rel":"","context":"Similar post","img":{"alt_text":"","src":"https:\/\/i0.wp.com\/klintaart.com\/wp-content\/uploads\/2023\/05\/glezna_4-Copy-scaled.jpg?fit=1050%2C1200&ssl=1&resize=350%2C200","width":350,"height":200},"classes":[]},{"id":5899,"url":"https:\/\/klintaart.com\/lv\/product\/udens-magija\/","url_meta":{"origin":5825,"position":5},"title":"WATER MAGIC","date":"June 18, 2023","format":false,"excerpt":"Klintas Lapsas ori\u0123in\u0101l\u0101 abstrakt\u0101 glezna. Izm\u0113rs: 120x150x2 cm, e\u013c\u013ca uz audekla. Gatavs lik\u0161anai pie sienas.","rel":"","context":"Similar post","img":{"alt_text":"","src":"https:\/\/i0.wp.com\/klintaart.com\/wp-content\/uploads\/2023\/06\/Chaise_lounger_in_modern_living_room-1-scaled.jpg?fit=1200%2C1200&ssl=1&resize=350%2C200","width":350,"height":200},"classes":[]}],"_links":{"self":[{"href":"https:\/\/klintaart.com\/lv\/wp-json\/wp\/v3\/product\/5825","targetHints":{"allow":["GET"]}}],"collection":[{"href":"https:\/\/klintaart.com\/lv\/wp-json\/wp\/v3\/product"}],"about":[{"href":"https:\/\/klintaart.com\/lv\/wp-json\/wp\/v2\/types\/product"}],"replies":[{"embeddable":true,"href":"https:\/\/klintaart.com\/lv\/wp-json\/wp\/v2\/comments?post=5825"}],"wp:featuredmedia":[{"embeddable":true,"href":"https:\/\/klintaart.com\/lv\/wp-json\/wp\/v2\/media\/5655"}],"wp:attachment":[{"href":"https:\/\/klintaart.com\/lv\/wp-json\/wp\/v2\/media?parent=5825"}],"wp:term":[{"taxonomy":"product_cat","embeddable":true,"href":"https:\/\/klintaart.com\/lv\/wp-json\/wp\/v2\/product_cat?post=5825"},{"taxonomy":"product_tag","embeddable":true,"href":"https:\/\/klintaart.com\/lv\/wp-json\/wp\/v2\/product_tag?post=5825"}],"curies":[{"name":"wp","href":"https:\/\/api.w.org\/{rel}","templated":true}]}}