{"id":5826,"date":"2021-06-12T14:45:58","date_gmt":"2021-06-12T14:45:58","guid":{"rendered":"https:\/\/klintaart.com\/product\/pavasara-udens\/"},"modified":"2023-11-22T19:23:35","modified_gmt":"2023-11-22T19:23:35","slug":"avota-udens","status":"publish","type":"product","link":"https:\/\/klintaart.com\/lv\/product\/avota-udens\/","title":{"rendered":"SPRING WATER"},"content":{"rendered":"","protected":false},"excerpt":{"rendered":"<p>Nosaukums: Spring Water<\/p>\n<p>E\u013c\u013cas kr\u0101sas uz audekla<\/p>\n<p>Izm\u0113rs: 30 cm x 40 cm<\/p>\n<p>&nbsp;<\/p>\n<p>Viens no maniem iecien\u012bt\u0101kajiem darbiem. Man bija iesp\u0113ja doties plen\u0113r\u0101 pie pavasara \u016bdens Latvij\u0101, kur ir br\u012bnumainas kr\u0101sas. Glezn\u0101 redzamas avota \u016bdens paties\u0101s kr\u0101sas. \u0160\u012b glezna ir patiess piem\u0113rs tam, ka daba pati par sevi ir \u012bsts m\u0101kslinieks.<\/p>\n","protected":false},"featured_media":5545,"comment_status":"open","ping_status":"closed","template":"","meta":[],"product_cat":[139],"product_tag":[141,142],"class_list":["post-5826","product","type-product","status-publish","has-post-thumbnail","hentry","product_cat-gleznas","product_tag-ella-uz-audekla","product_tag-krasosana"],"jetpack-related-posts":[{"id":5827,"url":"https:\/\/klintaart.com\/lv\/product\/atspulgs\/","url_meta":{"origin":5826,"position":0},"title":"ATSPULGS","date":"June 12, 2021","format":false,"excerpt":"Klintas Lapsas ori\u0123in\u0101l\u0101 abstrakt\u0101 glezna. Izm\u0113rs: 34x74x3 cm, e\u013c\u013ca uz audekla. Gatavs lik\u0161anai pie sienas. Ier\u0101m\u0113ts. \u00a0 K\u0101d\u0101 skaist\u0101 2020. gada pavasara dien\u0101 plen\u0113ra laik\u0101 tapusi saj\u016btu glezna. Manos darbos bie\u017ei par\u0101d\u0101s zil\u0101 kr\u0101sa un t\u0101s to\u0146i, jo t\u0101 ir mana m\u012b\u013c\u0101k\u0101 kr\u0101sa. Tas mani vienm\u0113r iedvesmo un atg\u0101dina, ka\u2026","rel":"","context":"Similar post","img":{"alt_text":"","src":"https:\/\/i0.wp.com\/klintaart.com\/wp-content\/uploads\/2021\/06\/IMG-0401-rotated.jpg?fit=756%2C1008&ssl=1&resize=350%2C200","width":350,"height":200},"classes":[]},{"id":5824,"url":"https:\/\/klintaart.com\/lv\/product\/gaisa-nakotne\/","url_meta":{"origin":5826,"position":1},"title":"BRIGHT FUTURE","date":"June 12, 2021","format":false,"excerpt":"Nosaukums: Bright Future E\u013c\u013cas kr\u0101sas uz audekla Izm\u0113rs: 50 cm x 70 cm \u00a0 Glezna, kas tapusi p\u0113c jaunu dz\u012bves izaicin\u0101jumu pie\u0146em\u0161anas. Tas simboliz\u0113 m\u016b\u017e\u012bgo v\u0113lmi p\u0113c gai\u0161\u0101kas n\u0101kotnes, ko var sasniegt, izejot cauri daudz\u0101m gr\u016bt\u012bb\u0101m. Bet, t\u0101 k\u0101 galvenais v\u0101rds ir m\u016bsu uztvere, pat vispel\u0113k\u0101kais tonis var k\u013c\u016bt par\u2026","rel":"","context":"Similar post","img":{"alt_text":"","src":"https:\/\/i0.wp.com\/klintaart.com\/wp-content\/uploads\/2021\/06\/Interior_wall_with_shelving_and_plant.jpg?fit=800%2C800&ssl=1&resize=350%2C200","width":350,"height":200},"classes":[]},{"id":5829,"url":"https:\/\/klintaart.com\/lv\/product\/ziema\/","url_meta":{"origin":5826,"position":2},"title":"WINTER","date":"October 10, 2021","format":false,"excerpt":"Nosaukums: Winter E\u013c\u013cas kr\u0101sas uz audekla Izm\u0113rs: 30 cm x 25 cm \u00a0 Latvijas lauku ainavas glezna ziem\u0101.","rel":"","context":"Similar post","img":{"alt_text":"","src":"https:\/\/i0.wp.com\/klintaart.com\/wp-content\/uploads\/2021\/10\/unnamed.jpg?fit=756%2C1008&ssl=1&resize=350%2C200","width":350,"height":200},"classes":[]},{"id":5899,"url":"https:\/\/klintaart.com\/lv\/product\/udens-magija\/","url_meta":{"origin":5826,"position":3},"title":"WATER MAGIC","date":"June 18, 2023","format":false,"excerpt":"Klintas Lapsas ori\u0123in\u0101l\u0101 abstrakt\u0101 glezna. Izm\u0113rs: 120x150x2 cm, e\u013c\u013ca uz audekla. Gatavs lik\u0161anai pie sienas.","rel":"","context":"Similar post","img":{"alt_text":"","src":"https:\/\/i0.wp.com\/klintaart.com\/wp-content\/uploads\/2023\/06\/Chaise_lounger_in_modern_living_room-1-scaled.jpg?fit=1200%2C1200&ssl=1&resize=350%2C200","width":350,"height":200},"classes":[]},{"id":5835,"url":"https:\/\/klintaart.com\/lv\/product\/udenskritums\/","url_meta":{"origin":5826,"position":4},"title":"WATERFALL 22","date":"January 30, 2022","format":false,"excerpt":"Klintas Lapsas ori\u0123in\u0101l\u0101 abstrakt\u0101 glezna. Izm\u0113rs: 70x70x2 cm, e\u013c\u013ca uz audekla. Gatavs lik\u0161anai pie sienas. Melnbalta glezna ar da\u017e\u0101diem kr\u0101su p\u0101rsteigumiem. Izgatavots, iedvesmojoties no Braz\u012blijas \u016bdenskrituma Iguasu. T\u0101 ir k\u0101 nomierino\u0161a medit\u0101cija. Katru reizi, kad skatos uz \u0161o gleznu, ir saj\u016bta, ka katru reizi t\u0101 izskat\u0101s cit\u0101d\u0101ka. Tas pats attiecas\u2026","rel":"","context":"Similar post","img":{"alt_text":"","src":"https:\/\/i0.wp.com\/klintaart.com\/wp-content\/uploads\/2022\/01\/Lounge_with_chair_and_round_table-scaled.jpg?fit=1188%2C1200&ssl=1&resize=350%2C200","width":350,"height":200},"classes":[]},{"id":5841,"url":"https:\/\/klintaart.com\/lv\/product\/baobabs\/","url_meta":{"origin":5826,"position":5},"title":"BAOBAB","date":"June 16, 2022","format":false,"excerpt":"Klintas Lapsas ori\u0123in\u0101l\u0101 abstrakt\u0101 glezna. Izm\u0113rs: 90x90x2 cm, e\u013c\u013ca uz audekla. Glezna, kas tapusi par piemi\u0146u no ce\u013cojuma uz Nam\u012bbiju. Gleznas zelta elementi saules gaism\u0101 skaisti mirdz.","rel":"","context":"Similar post","img":{"alt_text":"","src":"https:\/\/i0.wp.com\/klintaart.com\/wp-content\/uploads\/2022\/06\/Comfy_chair_and_coffee_table.jpg?fit=800%2C800&ssl=1&resize=350%2C200","width":350,"height":200},"classes":[]}],"_links":{"self":[{"href":"https:\/\/klintaart.com\/lv\/wp-json\/wp\/v3\/product\/5826","targetHints":{"allow":["GET"]}}],"collection":[{"href":"https:\/\/klintaart.com\/lv\/wp-json\/wp\/v3\/product"}],"about":[{"href":"https:\/\/klintaart.com\/lv\/wp-json\/wp\/v2\/types\/product"}],"replies":[{"embeddable":true,"href":"https:\/\/klintaart.com\/lv\/wp-json\/wp\/v2\/comments?post=5826"}],"wp:featuredmedia":[{"embeddable":true,"href":"https:\/\/klintaart.com\/lv\/wp-json\/wp\/v2\/media\/5545"}],"wp:attachment":[{"href":"https:\/\/klintaart.com\/lv\/wp-json\/wp\/v2\/media?parent=5826"}],"wp:term":[{"taxonomy":"product_cat","embeddable":true,"href":"https:\/\/klintaart.com\/lv\/wp-json\/wp\/v2\/product_cat?post=5826"},{"taxonomy":"product_tag","embeddable":true,"href":"https:\/\/klintaart.com\/lv\/wp-json\/wp\/v2\/product_tag?post=5826"}],"curies":[{"name":"wp","href":"https:\/\/api.w.org\/{rel}","templated":true}]}}