{"id":5829,"date":"2021-10-10T12:52:20","date_gmt":"2021-10-10T12:52:20","guid":{"rendered":"https:\/\/klintaart.com\/product\/ziema\/"},"modified":"2023-11-22T19:25:34","modified_gmt":"2023-11-22T19:25:34","slug":"ziema","status":"publish","type":"product","link":"https:\/\/klintaart.com\/lv\/product\/ziema\/","title":{"rendered":"WINTER"},"content":{"rendered":"","protected":false},"excerpt":{"rendered":"<p>Nosaukums: Winter<\/p>\n<p>E\u013c\u013cas kr\u0101sas uz audekla<\/p>\n<p>Izm\u0113rs: 30 cm x 25 cm<\/p>\n<p>&nbsp;<\/p>\n<p>Latvijas lauku ainavas glezna ziem\u0101.<\/p>\n","protected":false},"featured_media":5588,"comment_status":"open","ping_status":"closed","template":"","meta":[],"product_cat":[139],"product_tag":[141,145],"class_list":["post-5829","product","type-product","status-publish","has-post-thumbnail","hentry","product_cat-gleznas","product_tag-ella-uz-audekla","product_tag-ziemas-gleznosana"],"jetpack-related-posts":[{"id":5826,"url":"https:\/\/klintaart.com\/lv\/product\/avota-udens\/","url_meta":{"origin":5829,"position":0},"title":"SPRING WATER","date":"June 12, 2021","format":false,"excerpt":"Nosaukums: Spring Water E\u013c\u013cas kr\u0101sas uz audekla Izm\u0113rs: 30 cm x 40 cm \u00a0 Viens no maniem iecien\u012bt\u0101kajiem darbiem. Man bija iesp\u0113ja doties plen\u0113r\u0101 pie pavasara \u016bdens Latvij\u0101, kur ir br\u012bnumainas kr\u0101sas. Glezn\u0101 redzamas avota \u016bdens paties\u0101s kr\u0101sas. \u0160\u012b glezna ir patiess piem\u0113rs tam, ka daba pati par sevi ir\u2026","rel":"","context":"Similar post","img":{"alt_text":"","src":"https:\/\/i0.wp.com\/klintaart.com\/wp-content\/uploads\/2021\/06\/unnamed-9.jpg?fit=756%2C1008&ssl=1&resize=350%2C200","width":350,"height":200},"classes":[]},{"id":5824,"url":"https:\/\/klintaart.com\/lv\/product\/gaisa-nakotne\/","url_meta":{"origin":5829,"position":1},"title":"BRIGHT FUTURE","date":"June 12, 2021","format":false,"excerpt":"Nosaukums: Bright Future E\u013c\u013cas kr\u0101sas uz audekla Izm\u0113rs: 50 cm x 70 cm \u00a0 Glezna, kas tapusi p\u0113c jaunu dz\u012bves izaicin\u0101jumu pie\u0146em\u0161anas. Tas simboliz\u0113 m\u016b\u017e\u012bgo v\u0113lmi p\u0113c gai\u0161\u0101kas n\u0101kotnes, ko var sasniegt, izejot cauri daudz\u0101m gr\u016bt\u012bb\u0101m. Bet, t\u0101 k\u0101 galvenais v\u0101rds ir m\u016bsu uztvere, pat vispel\u0113k\u0101kais tonis var k\u013c\u016bt par\u2026","rel":"","context":"Similar post","img":{"alt_text":"","src":"https:\/\/i0.wp.com\/klintaart.com\/wp-content\/uploads\/2021\/06\/Interior_wall_with_shelving_and_plant.jpg?fit=800%2C800&ssl=1&resize=350%2C200","width":350,"height":200},"classes":[]},{"id":5827,"url":"https:\/\/klintaart.com\/lv\/product\/atspulgs\/","url_meta":{"origin":5829,"position":2},"title":"ATSPULGS","date":"June 12, 2021","format":false,"excerpt":"Klintas Lapsas ori\u0123in\u0101l\u0101 abstrakt\u0101 glezna. Izm\u0113rs: 34x74x3 cm, e\u013c\u013ca uz audekla. Gatavs lik\u0161anai pie sienas. Ier\u0101m\u0113ts. \u00a0 K\u0101d\u0101 skaist\u0101 2020. gada pavasara dien\u0101 plen\u0113ra laik\u0101 tapusi saj\u016btu glezna. Manos darbos bie\u017ei par\u0101d\u0101s zil\u0101 kr\u0101sa un t\u0101s to\u0146i, jo t\u0101 ir mana m\u012b\u013c\u0101k\u0101 kr\u0101sa. Tas mani vienm\u0113r iedvesmo un atg\u0101dina, ka\u2026","rel":"","context":"Similar post","img":{"alt_text":"","src":"https:\/\/i0.wp.com\/klintaart.com\/wp-content\/uploads\/2021\/06\/IMG-0401-rotated.jpg?fit=756%2C1008&ssl=1&resize=350%2C200","width":350,"height":200},"classes":[]},{"id":5825,"url":"https:\/\/klintaart.com\/lv\/product\/pilseta-city-oil-on-canvas-25-cm-x-35-cm\/","url_meta":{"origin":5829,"position":3},"title":"PILS\u0112TA","date":"November 14, 2021","format":false,"excerpt":"Klinta Lapsa ori\u0123in\u0101l\u0101 abstrakt\u0101 glezna. Izm\u0113rs: 30x26x2 cm, e\u013c\u013ca uz audek\u013ca. Gatavs pak\u0101r\u0161anai. Ier\u0101m\u0113ts.","rel":"","context":"Similar post","img":{"alt_text":"","src":"https:\/\/i0.wp.com\/klintaart.com\/wp-content\/uploads\/2021\/11\/IMG-0409-1-rotated.jpg?fit=756%2C1008&ssl=1&resize=350%2C200","width":350,"height":200},"classes":[]},{"id":5823,"url":"https:\/\/klintaart.com\/lv\/product\/neverland\/","url_meta":{"origin":5829,"position":4},"title":"NEVERLAND","date":"June 12, 2021","format":false,"excerpt":"Klintas Lapsas ori\u0123in\u0101l\u0101 abstrakt\u0101 glezna. Izm\u0113rs: 69x69x3 cm, e\u013c\u013ca uz audekla. Gatavs lik\u0161anai pie sienas. Ier\u0101m\u0113ta \u00a0 Kopum\u0101 es redzu br\u012bnumus un pasauli uztveru k\u0101 vienu lielu m\u0101kslas darbu. \u0160oreiz mans redz\u0113jums atspogu\u013cojas vien\u0101 no izbraukuma plen\u0113riem Latvijas p\u013cav\u0101.","rel":"","context":"Similar post","img":{"alt_text":"","src":"https:\/\/i0.wp.com\/klintaart.com\/wp-content\/uploads\/2021\/06\/IMG-0429-rotated.jpg?fit=756%2C1008&ssl=1&resize=350%2C200","width":350,"height":200},"classes":[]},{"id":5877,"url":"https:\/\/klintaart.com\/lv\/product\/ritosa-jura\/","url_meta":{"origin":5829,"position":5},"title":"ROLLING SEA","date":"May 22, 2023","format":false,"excerpt":"Klintas Lapsas ori\u0123in\u0101l\u0101 abstrakt\u0101 glezna. Izm\u0113rs: 100x120x2 cm, e\u013c\u013ca uz audekla. Gatavs lik\u0161anai pie sienas.","rel":"","context":"Similar post","img":{"alt_text":"","src":"https:\/\/i0.wp.com\/klintaart.com\/wp-content\/uploads\/2023\/05\/Living_room_with_bench_sofa_and_table-2-scaled.jpg?fit=1200%2C1200&ssl=1&resize=350%2C200","width":350,"height":200},"classes":[]}],"_links":{"self":[{"href":"https:\/\/klintaart.com\/lv\/wp-json\/wp\/v3\/product\/5829","targetHints":{"allow":["GET"]}}],"collection":[{"href":"https:\/\/klintaart.com\/lv\/wp-json\/wp\/v3\/product"}],"about":[{"href":"https:\/\/klintaart.com\/lv\/wp-json\/wp\/v2\/types\/product"}],"replies":[{"embeddable":true,"href":"https:\/\/klintaart.com\/lv\/wp-json\/wp\/v2\/comments?post=5829"}],"wp:featuredmedia":[{"embeddable":true,"href":"https:\/\/klintaart.com\/lv\/wp-json\/wp\/v2\/media\/5588"}],"wp:attachment":[{"href":"https:\/\/klintaart.com\/lv\/wp-json\/wp\/v2\/media?parent=5829"}],"wp:term":[{"taxonomy":"product_cat","embeddable":true,"href":"https:\/\/klintaart.com\/lv\/wp-json\/wp\/v2\/product_cat?post=5829"},{"taxonomy":"product_tag","embeddable":true,"href":"https:\/\/klintaart.com\/lv\/wp-json\/wp\/v2\/product_tag?post=5829"}],"curies":[{"name":"wp","href":"https:\/\/api.w.org\/{rel}","templated":true}]}}