{"id":5831,"date":"2021-06-13T14:27:04","date_gmt":"2021-06-13T14:27:04","guid":{"rendered":"https:\/\/klintaart.com\/product\/fox\/"},"modified":"2023-11-22T19:24:47","modified_gmt":"2023-11-22T19:24:47","slug":"the-fox","status":"publish","type":"product","link":"https:\/\/klintaart.com\/lv\/product\/the-fox\/","title":{"rendered":"THE FOX"},"content":{"rendered":"","protected":false},"excerpt":{"rendered":"<p>Klintas Lapsas ori\u0123in\u0101l-darbs.<\/p>\n<p>Izm\u0113rs: 73x53x3 cm, e\u013c\u013ca uz audekla.<\/p>\n<p>Gatavs lik\u0161anai pie sienas. Ier\u0101m\u0113ts.<\/p>\n","protected":false},"featured_media":5642,"comment_status":"open","ping_status":"closed","template":"","meta":[],"product_cat":[139],"product_tag":[141,142],"class_list":["post-5831","product","type-product","status-publish","has-post-thumbnail","hentry","product_cat-gleznas","product_tag-ella-uz-audekla","product_tag-krasosana"],"jetpack-related-posts":[{"id":6179,"url":"https:\/\/klintaart.com\/lv\/product\/6179\/","url_meta":{"origin":5831,"position":0},"title":"NEL BLU","date":"September 1, 2024","format":false,"excerpt":"Klintas Lapsas ori\u0123in\u0101l\u0101 abstrakt\u0101 glezna. Izm\u0113rs:100x70x2 cm, e\u013c\u013ca uz audek\u013ca. Ier\u0101m\u0113ts. Gatavs lik\u0161anai pie sienas.","rel":"","context":"Similar post","img":{"alt_text":"","src":"https:\/\/i0.wp.com\/klintaart.com\/wp-content\/uploads\/2024\/09\/room-with-a-contemporary-armchair.jpg?fit=900%2C1200&ssl=1&resize=350%2C200","width":350,"height":200},"classes":[]},{"id":6203,"url":"https:\/\/klintaart.com\/lv\/product\/riflessione\/","url_meta":{"origin":5831,"position":1},"title":"RIFLESSIONE","date":"April 28, 2025","format":false,"excerpt":"Klintas Lapsas ori\u0123in\u0101l\u0101 abstrakt\u0101 glezna. Izm\u0113rs:80x80x2 cm, e\u013c\u013ca uz audek\u013ca. Ier\u0101m\u0113ts. Gatavs lik\u0161anai pie sienas.","rel":"","context":"Similar post","img":{"alt_text":"","src":"https:\/\/i0.wp.com\/klintaart.com\/wp-content\/uploads\/2025\/04\/7.jpg?fit=743%2C916&ssl=1&resize=350%2C200","width":350,"height":200},"classes":[]},{"id":6093,"url":"https:\/\/klintaart.com\/lv\/product\/carpe-diem\/","url_meta":{"origin":5831,"position":2},"title":"CARPE DIEM","date":"April 25, 2024","format":false,"excerpt":"Klintas Lapsas ori\u0123in\u0101l\u0101 abstrakt\u0101 glezna. Izm\u0113rs: 80x80x2 cm, e\u013c\u013ca uz audekla. Gatavs lik\u0161anai pie sienas.","rel":"","context":"Similar post","img":{"alt_text":"","src":"https:\/\/i0.wp.com\/klintaart.com\/wp-content\/uploads\/2024\/04\/contemporary-interior-with-fancy-cabinet-1-scaled.jpg?fit=675%2C1200&ssl=1&resize=350%2C200","width":350,"height":200},"classes":[]},{"id":5877,"url":"https:\/\/klintaart.com\/lv\/product\/ritosa-jura\/","url_meta":{"origin":5831,"position":3},"title":"ROLLING SEA","date":"May 22, 2023","format":false,"excerpt":"Klintas Lapsas ori\u0123in\u0101l\u0101 abstrakt\u0101 glezna. Izm\u0113rs: 100x120x2 cm, e\u013c\u013ca uz audekla. Gatavs lik\u0161anai pie sienas.","rel":"","context":"Similar post","img":{"alt_text":"","src":"https:\/\/i0.wp.com\/klintaart.com\/wp-content\/uploads\/2023\/05\/Living_room_with_bench_sofa_and_table-2-scaled.jpg?fit=1200%2C1200&ssl=1&resize=350%2C200","width":350,"height":200},"classes":[]},{"id":5827,"url":"https:\/\/klintaart.com\/lv\/product\/atspulgs\/","url_meta":{"origin":5831,"position":4},"title":"ATSPULGS","date":"June 12, 2021","format":false,"excerpt":"Klintas Lapsas ori\u0123in\u0101l\u0101 abstrakt\u0101 glezna. Izm\u0113rs: 34x74x3 cm, e\u013c\u013ca uz audekla. Gatavs lik\u0161anai pie sienas. Ier\u0101m\u0113ts. \u00a0 K\u0101d\u0101 skaist\u0101 2020. gada pavasara dien\u0101 plen\u0113ra laik\u0101 tapusi saj\u016btu glezna. Manos darbos bie\u017ei par\u0101d\u0101s zil\u0101 kr\u0101sa un t\u0101s to\u0146i, jo t\u0101 ir mana m\u012b\u013c\u0101k\u0101 kr\u0101sa. Tas mani vienm\u0113r iedvesmo un atg\u0101dina, ka\u2026","rel":"","context":"Similar post","img":{"alt_text":"","src":"https:\/\/i0.wp.com\/klintaart.com\/wp-content\/uploads\/2021\/06\/IMG-0401-rotated.jpg?fit=756%2C1008&ssl=1&resize=350%2C200","width":350,"height":200},"classes":[]},{"id":5899,"url":"https:\/\/klintaart.com\/lv\/product\/udens-magija\/","url_meta":{"origin":5831,"position":5},"title":"WATER MAGIC","date":"June 18, 2023","format":false,"excerpt":"Klintas Lapsas ori\u0123in\u0101l\u0101 abstrakt\u0101 glezna. Izm\u0113rs: 120x150x2 cm, e\u013c\u013ca uz audekla. Gatavs lik\u0161anai pie sienas.","rel":"","context":"Similar post","img":{"alt_text":"","src":"https:\/\/i0.wp.com\/klintaart.com\/wp-content\/uploads\/2023\/06\/Chaise_lounger_in_modern_living_room-1-scaled.jpg?fit=1200%2C1200&ssl=1&resize=350%2C200","width":350,"height":200},"classes":[]}],"_links":{"self":[{"href":"https:\/\/klintaart.com\/lv\/wp-json\/wp\/v3\/product\/5831","targetHints":{"allow":["GET"]}}],"collection":[{"href":"https:\/\/klintaart.com\/lv\/wp-json\/wp\/v3\/product"}],"about":[{"href":"https:\/\/klintaart.com\/lv\/wp-json\/wp\/v2\/types\/product"}],"replies":[{"embeddable":true,"href":"https:\/\/klintaart.com\/lv\/wp-json\/wp\/v2\/comments?post=5831"}],"wp:featuredmedia":[{"embeddable":true,"href":"https:\/\/klintaart.com\/lv\/wp-json\/wp\/v2\/media\/5642"}],"wp:attachment":[{"href":"https:\/\/klintaart.com\/lv\/wp-json\/wp\/v2\/media?parent=5831"}],"wp:term":[{"taxonomy":"product_cat","embeddable":true,"href":"https:\/\/klintaart.com\/lv\/wp-json\/wp\/v2\/product_cat?post=5831"},{"taxonomy":"product_tag","embeddable":true,"href":"https:\/\/klintaart.com\/lv\/wp-json\/wp\/v2\/product_tag?post=5831"}],"curies":[{"name":"wp","href":"https:\/\/api.w.org\/{rel}","templated":true}]}}