{"id":5835,"date":"2022-01-30T21:36:11","date_gmt":"2022-01-30T21:36:11","guid":{"rendered":"https:\/\/klintaart.com\/product\/udenskrans-22\/"},"modified":"2023-11-22T19:34:50","modified_gmt":"2023-11-22T19:34:50","slug":"udenskritums","status":"publish","type":"product","link":"https:\/\/klintaart.com\/lv\/product\/udenskritums\/","title":{"rendered":"WATERFALL 22"},"content":{"rendered":"","protected":false},"excerpt":{"rendered":"<div>Klintas Lapsas ori\u0123in\u0101l\u0101 abstrakt\u0101 glezna.<\/div>\n<div>Izm\u0113rs: 70x70x2 cm, e\u013c\u013ca uz audekla.<\/div>\n<div>Gatavs lik\u0161anai pie sienas.<\/div>\n<div><\/div>\n<div>\n<p>Melnbalta glezna ar da\u017e\u0101diem kr\u0101su p\u0101rsteigumiem. Izgatavots, iedvesmojoties no Braz\u012blijas \u016bdenskrituma Iguasu. T\u0101 ir k\u0101 nomierino\u0161a medit\u0101cija. Katru reizi, kad skatos uz \u0161o gleznu, ir saj\u016bta, ka katru reizi t\u0101 izskat\u0101s cit\u0101d\u0101ka. Tas pats attiecas ar\u012b uz m\u016bsu dz\u012bvi &#8211; katru dienu ieskats ir main\u012bjies, ar jauniem atkl\u0101jumiem.<\/p>\n<\/div>\n","protected":false},"featured_media":5956,"comment_status":"open","ping_status":"closed","template":"","meta":[],"product_cat":[139],"product_tag":[140],"class_list":["post-5835","product","type-product","status-publish","has-post-thumbnail","hentry","product_cat-gleznas","product_tag-abstrakta-maksla"],"jetpack-related-posts":[{"id":5827,"url":"https:\/\/klintaart.com\/lv\/product\/atspulgs\/","url_meta":{"origin":5835,"position":0},"title":"ATSPULGS","date":"June 12, 2021","format":false,"excerpt":"Klintas Lapsas ori\u0123in\u0101l\u0101 abstrakt\u0101 glezna. Izm\u0113rs: 34x74x3 cm, e\u013c\u013ca uz audekla. Gatavs lik\u0161anai pie sienas. Ier\u0101m\u0113ts. \u00a0 K\u0101d\u0101 skaist\u0101 2020. gada pavasara dien\u0101 plen\u0113ra laik\u0101 tapusi saj\u016btu glezna. Manos darbos bie\u017ei par\u0101d\u0101s zil\u0101 kr\u0101sa un t\u0101s to\u0146i, jo t\u0101 ir mana m\u012b\u013c\u0101k\u0101 kr\u0101sa. Tas mani vienm\u0113r iedvesmo un atg\u0101dina, ka\u2026","rel":"","context":"Similar post","img":{"alt_text":"","src":"https:\/\/i0.wp.com\/klintaart.com\/wp-content\/uploads\/2021\/06\/IMG-0401-rotated.jpg?fit=756%2C1008&ssl=1&resize=350%2C200","width":350,"height":200},"classes":[]},{"id":5824,"url":"https:\/\/klintaart.com\/lv\/product\/gaisa-nakotne\/","url_meta":{"origin":5835,"position":1},"title":"BRIGHT FUTURE","date":"June 12, 2021","format":false,"excerpt":"Nosaukums: Bright Future E\u013c\u013cas kr\u0101sas uz audekla Izm\u0113rs: 50 cm x 70 cm \u00a0 Glezna, kas tapusi p\u0113c jaunu dz\u012bves izaicin\u0101jumu pie\u0146em\u0161anas. Tas simboliz\u0113 m\u016b\u017e\u012bgo v\u0113lmi p\u0113c gai\u0161\u0101kas n\u0101kotnes, ko var sasniegt, izejot cauri daudz\u0101m gr\u016bt\u012bb\u0101m. Bet, t\u0101 k\u0101 galvenais v\u0101rds ir m\u016bsu uztvere, pat vispel\u0113k\u0101kais tonis var k\u013c\u016bt par\u2026","rel":"","context":"Similar post","img":{"alt_text":"","src":"https:\/\/i0.wp.com\/klintaart.com\/wp-content\/uploads\/2021\/06\/Interior_wall_with_shelving_and_plant.jpg?fit=800%2C800&ssl=1&resize=350%2C200","width":350,"height":200},"classes":[]},{"id":5826,"url":"https:\/\/klintaart.com\/lv\/product\/avota-udens\/","url_meta":{"origin":5835,"position":2},"title":"SPRING WATER","date":"June 12, 2021","format":false,"excerpt":"Nosaukums: Spring Water E\u013c\u013cas kr\u0101sas uz audekla Izm\u0113rs: 30 cm x 40 cm \u00a0 Viens no maniem iecien\u012bt\u0101kajiem darbiem. Man bija iesp\u0113ja doties plen\u0113r\u0101 pie pavasara \u016bdens Latvij\u0101, kur ir br\u012bnumainas kr\u0101sas. Glezn\u0101 redzamas avota \u016bdens paties\u0101s kr\u0101sas. \u0160\u012b glezna ir patiess piem\u0113rs tam, ka daba pati par sevi ir\u2026","rel":"","context":"Similar post","img":{"alt_text":"","src":"https:\/\/i0.wp.com\/klintaart.com\/wp-content\/uploads\/2021\/06\/unnamed-9.jpg?fit=756%2C1008&ssl=1&resize=350%2C200","width":350,"height":200},"classes":[]},{"id":5841,"url":"https:\/\/klintaart.com\/lv\/product\/baobabs\/","url_meta":{"origin":5835,"position":3},"title":"BAOBAB","date":"June 16, 2022","format":false,"excerpt":"Klintas Lapsas ori\u0123in\u0101l\u0101 abstrakt\u0101 glezna. Izm\u0113rs: 90x90x2 cm, e\u013c\u013ca uz audekla. Glezna, kas tapusi par piemi\u0146u no ce\u013cojuma uz Nam\u012bbiju. Gleznas zelta elementi saules gaism\u0101 skaisti mirdz.","rel":"","context":"Similar post","img":{"alt_text":"","src":"https:\/\/i0.wp.com\/klintaart.com\/wp-content\/uploads\/2022\/06\/Comfy_chair_and_coffee_table.jpg?fit=800%2C800&ssl=1&resize=350%2C200","width":350,"height":200},"classes":[]},{"id":5837,"url":"https:\/\/klintaart.com\/lv\/product\/felix\/","url_meta":{"origin":5835,"position":4},"title":"FELIX","date":"November 28, 2022","format":false,"excerpt":"Klintas Lapsas ori\u0123in\u0101l\u0101 abstrakt\u0101 glezna. Izm\u0113rs: 70x70x2 cm, e\u013c\u013ca uz audekla. Gatavs lik\u0161anai pie sienas. Glezna tapa saska\u0146\u0101 ar konkr\u0113t\u0101s dienas saj\u016bt\u0101m, kad man \u013coti grib\u0113j\u0101s nedaudz saules gaismas pel\u0113kaj\u0101 ikdien\u0101.","rel":"","context":"Similar post","img":{"alt_text":"","src":"https:\/\/i0.wp.com\/klintaart.com\/wp-content\/uploads\/2022\/11\/Fancy_feather_lamp_and_console_table-2-scaled.jpg?fit=900%2C1200&ssl=1&resize=350%2C200","width":350,"height":200},"classes":[]},{"id":5823,"url":"https:\/\/klintaart.com\/lv\/product\/neverland\/","url_meta":{"origin":5835,"position":5},"title":"NEVERLAND","date":"June 12, 2021","format":false,"excerpt":"Klintas Lapsas ori\u0123in\u0101l\u0101 abstrakt\u0101 glezna. Izm\u0113rs: 69x69x3 cm, e\u013c\u013ca uz audekla. Gatavs lik\u0161anai pie sienas. Ier\u0101m\u0113ta \u00a0 Kopum\u0101 es redzu br\u012bnumus un pasauli uztveru k\u0101 vienu lielu m\u0101kslas darbu. \u0160oreiz mans redz\u0113jums atspogu\u013cojas vien\u0101 no izbraukuma plen\u0113riem Latvijas p\u013cav\u0101.","rel":"","context":"Similar post","img":{"alt_text":"","src":"https:\/\/i0.wp.com\/klintaart.com\/wp-content\/uploads\/2021\/06\/IMG-0429-rotated.jpg?fit=756%2C1008&ssl=1&resize=350%2C200","width":350,"height":200},"classes":[]}],"_links":{"self":[{"href":"https:\/\/klintaart.com\/lv\/wp-json\/wp\/v3\/product\/5835","targetHints":{"allow":["GET"]}}],"collection":[{"href":"https:\/\/klintaart.com\/lv\/wp-json\/wp\/v3\/product"}],"about":[{"href":"https:\/\/klintaart.com\/lv\/wp-json\/wp\/v2\/types\/product"}],"replies":[{"embeddable":true,"href":"https:\/\/klintaart.com\/lv\/wp-json\/wp\/v2\/comments?post=5835"}],"wp:featuredmedia":[{"embeddable":true,"href":"https:\/\/klintaart.com\/lv\/wp-json\/wp\/v2\/media\/5956"}],"wp:attachment":[{"href":"https:\/\/klintaart.com\/lv\/wp-json\/wp\/v2\/media?parent=5835"}],"wp:term":[{"taxonomy":"product_cat","embeddable":true,"href":"https:\/\/klintaart.com\/lv\/wp-json\/wp\/v2\/product_cat?post=5835"},{"taxonomy":"product_tag","embeddable":true,"href":"https:\/\/klintaart.com\/lv\/wp-json\/wp\/v2\/product_tag?post=5835"}],"curies":[{"name":"wp","href":"https:\/\/api.w.org\/{rel}","templated":true}]}}