{"id":5838,"date":"2023-05-06T10:44:44","date_gmt":"2023-05-06T10:44:44","guid":{"rendered":"https:\/\/klintaart.com\/product\/greku-pilseta\/"},"modified":"2023-11-22T19:50:17","modified_gmt":"2023-11-22T19:50:17","slug":"greku-pilseta","status":"publish","type":"product","link":"https:\/\/klintaart.com\/lv\/product\/greku-pilseta\/","title":{"rendered":"SIN CITY"},"content":{"rendered":"<div>Klintas Lapsas ori\u0123in\u0101l\u0101 abstrakt\u0101 glezna.<\/div>\n<div>Izm\u0113rs: 90x90x2 cm, e\u013c\u013ca uz audekla.<\/div>\n<div>Gatavs lik\u0161anai pie sienas.<\/div>\n","protected":false},"excerpt":{"rendered":"<p>Klintas Lapsas ori\u0123in\u0101l\u0101 abstrakt\u0101 glezna. Izm\u0113rs: 90x90x2 cm, e\u013c\u013ca uz audekla. Gatavs lik\u0161anai pie sienas.<\/p>\n","protected":false},"featured_media":5938,"comment_status":"open","ping_status":"closed","template":"","meta":[],"product_cat":[139],"product_tag":[],"class_list":["post-5838","product","type-product","status-publish","has-post-thumbnail","hentry","product_cat-gleznas"],"jetpack-related-posts":[{"id":6093,"url":"https:\/\/klintaart.com\/lv\/product\/carpe-diem\/","url_meta":{"origin":5838,"position":0},"title":"CARPE DIEM","date":"April 25, 2024","format":false,"excerpt":"Klintas Lapsas ori\u0123in\u0101l\u0101 abstrakt\u0101 glezna. Izm\u0113rs: 80x80x2 cm, e\u013c\u013ca uz audekla. Gatavs lik\u0161anai pie sienas.","rel":"","context":"Similar post","img":{"alt_text":"","src":"https:\/\/i0.wp.com\/klintaart.com\/wp-content\/uploads\/2024\/04\/contemporary-interior-with-fancy-cabinet-1-scaled.jpg?fit=675%2C1200&ssl=1&resize=350%2C200","width":350,"height":200},"classes":[]},{"id":5877,"url":"https:\/\/klintaart.com\/lv\/product\/ritosa-jura\/","url_meta":{"origin":5838,"position":1},"title":"ROLLING SEA","date":"May 22, 2023","format":false,"excerpt":"Klintas Lapsas ori\u0123in\u0101l\u0101 abstrakt\u0101 glezna. Izm\u0113rs: 100x120x2 cm, e\u013c\u013ca uz audekla. Gatavs lik\u0161anai pie sienas.","rel":"","context":"Similar post","img":{"alt_text":"","src":"https:\/\/i0.wp.com\/klintaart.com\/wp-content\/uploads\/2023\/05\/Living_room_with_bench_sofa_and_table-2-scaled.jpg?fit=1200%2C1200&ssl=1&resize=350%2C200","width":350,"height":200},"classes":[]},{"id":5899,"url":"https:\/\/klintaart.com\/lv\/product\/udens-magija\/","url_meta":{"origin":5838,"position":2},"title":"WATER MAGIC","date":"June 18, 2023","format":false,"excerpt":"Klintas Lapsas ori\u0123in\u0101l\u0101 abstrakt\u0101 glezna. Izm\u0113rs: 120x150x2 cm, e\u013c\u013ca uz audekla. Gatavs lik\u0161anai pie sienas.","rel":"","context":"Similar post","img":{"alt_text":"","src":"https:\/\/i0.wp.com\/klintaart.com\/wp-content\/uploads\/2023\/06\/Chaise_lounger_in_modern_living_room-1-scaled.jpg?fit=1200%2C1200&ssl=1&resize=350%2C200","width":350,"height":200},"classes":[]},{"id":5923,"url":"https:\/\/klintaart.com\/lv\/product\/udenskritums-23\/","url_meta":{"origin":5838,"position":3},"title":"WATERFALL 23","date":"September 19, 2023","format":false,"excerpt":"Klintas Lapsas ori\u0123in\u0101l\u0101 abstrakt\u0101 glezna. Izm\u0113rs: 120x150x2 cm, e\u013c\u013ca uz audekla. Gatavs lik\u0161anai pie sienas.","rel":"","context":"Similar post","img":{"alt_text":"","src":"https:\/\/i0.wp.com\/klintaart.com\/wp-content\/uploads\/2023\/09\/Modern_living_room_with_large_colorful_rug.jpg?fit=1200%2C1200&ssl=1&resize=350%2C200","width":350,"height":200},"classes":[]},{"id":5887,"url":"https:\/\/klintaart.com\/lv\/product\/the-hidden-cave\/","url_meta":{"origin":5838,"position":4},"title":"THE HIDDEN CAVE","date":"May 22, 2023","format":false,"excerpt":"Klintas Lapsas ori\u0123in\u0101l\u0101 abstrakt\u0101 glezna. Izm\u0113rs: 90x170x2 cm, e\u013c\u013ca uz audekla. Gatavs lik\u0161anai pie sienas.","rel":"","context":"Similar post","img":{"alt_text":"","src":"https:\/\/i0.wp.com\/klintaart.com\/wp-content\/uploads\/2023\/09\/retro-armchair-sitting-on-platform-2-scaled.jpg?fit=1200%2C1200&ssl=1&resize=350%2C200","width":350,"height":200},"classes":[]},{"id":6018,"url":"https:\/\/klintaart.com\/lv\/product\/6018\/","url_meta":{"origin":5838,"position":5},"title":"REFLECTION OF A FISHERMAN","date":"October 27, 2023","format":false,"excerpt":"Klintas Lapsas ori\u0123in\u0101l\u0101 abstrakt\u0101 glezna. Izm\u0113rs: 120x80x2 cm, e\u013c\u013ca uz audekla. Gatavs lik\u0161anai pie sienas.","rel":"","context":"Similar post","img":{"alt_text":"","src":"https:\/\/i0.wp.com\/klintaart.com\/wp-content\/uploads\/2023\/10\/Lounge_with_chair_and_wooden_cabinet.jpg?fit=700%2C800&ssl=1&resize=350%2C200","width":350,"height":200},"classes":[]}],"_links":{"self":[{"href":"https:\/\/klintaart.com\/lv\/wp-json\/wp\/v3\/product\/5838","targetHints":{"allow":["GET"]}}],"collection":[{"href":"https:\/\/klintaart.com\/lv\/wp-json\/wp\/v3\/product"}],"about":[{"href":"https:\/\/klintaart.com\/lv\/wp-json\/wp\/v2\/types\/product"}],"replies":[{"embeddable":true,"href":"https:\/\/klintaart.com\/lv\/wp-json\/wp\/v2\/comments?post=5838"}],"wp:featuredmedia":[{"embeddable":true,"href":"https:\/\/klintaart.com\/lv\/wp-json\/wp\/v2\/media\/5938"}],"wp:attachment":[{"href":"https:\/\/klintaart.com\/lv\/wp-json\/wp\/v2\/media?parent=5838"}],"wp:term":[{"taxonomy":"product_cat","embeddable":true,"href":"https:\/\/klintaart.com\/lv\/wp-json\/wp\/v2\/product_cat?post=5838"},{"taxonomy":"product_tag","embeddable":true,"href":"https:\/\/klintaart.com\/lv\/wp-json\/wp\/v2\/product_tag?post=5838"}],"curies":[{"name":"wp","href":"https:\/\/api.w.org\/{rel}","templated":true}]}}