{"id":5840,"date":"2022-06-16T10:10:10","date_gmt":"2022-06-16T10:10:10","guid":{"rendered":"https:\/\/klintaart.com\/product\/il-sole\/"},"modified":"2023-11-22T19:26:57","modified_gmt":"2023-11-22T19:26:57","slug":"il-sole","status":"publish","type":"product","link":"https:\/\/klintaart.com\/lv\/product\/il-sole\/","title":{"rendered":"IL SOLE"},"content":{"rendered":"","protected":false},"excerpt":{"rendered":"<div>Klintas Lapsas ori\u0123in\u0101l\u0101 abstrakt\u0101 glezna.<\/div>\n<div>Izm\u0113rs: 70x70x2 cm, e\u013c\u013ca uz audekla.<\/div>\n<div>\n<p>Glezna tapusi plen\u0113ra laik\u0101 pie Baltijas j\u016bras T\u016bj\u0101. Dienas gaism\u0101 gleznas zeltainie elementi br\u012bni\u0161\u0137\u012bgi sp\u012bd.<\/p>\n<\/div>\n","protected":false},"featured_media":5737,"comment_status":"open","ping_status":"closed","template":"","meta":[],"product_cat":[139],"product_tag":[],"class_list":["post-5840","product","type-product","status-publish","has-post-thumbnail","hentry","product_cat-gleznas"],"jetpack-related-posts":[{"id":5841,"url":"https:\/\/klintaart.com\/lv\/product\/baobabs\/","url_meta":{"origin":5840,"position":0},"title":"BAOBAB","date":"June 16, 2022","format":false,"excerpt":"Klintas Lapsas ori\u0123in\u0101l\u0101 abstrakt\u0101 glezna. Izm\u0113rs: 90x90x2 cm, e\u013c\u013ca uz audekla. Glezna, kas tapusi par piemi\u0146u no ce\u013cojuma uz Nam\u012bbiju. Gleznas zelta elementi saules gaism\u0101 skaisti mirdz.","rel":"","context":"Similar post","img":{"alt_text":"","src":"https:\/\/i0.wp.com\/klintaart.com\/wp-content\/uploads\/2022\/06\/Comfy_chair_and_coffee_table.jpg?fit=800%2C800&ssl=1&resize=350%2C200","width":350,"height":200},"classes":[]},{"id":5839,"url":"https:\/\/klintaart.com\/lv\/product\/il-mare\/","url_meta":{"origin":5840,"position":1},"title":"IL MARE","date":"June 16, 2022","format":false,"excerpt":"Klintas Lapsas ori\u0123in\u0101l\u0101 abstrakt\u0101 glezna. Izm\u0113rs: 60x60x2 cm, e\u013c\u013ca uz audekla. Glezna tapusi plen\u0113ra laik\u0101 pie Baltijas j\u016bras T\u016bj\u0101. Dienas gaism\u0101 mirdz gleznas zelta elementi.","rel":"","context":"Similar post","img":{"alt_text":"","src":"https:\/\/i0.wp.com\/klintaart.com\/wp-content\/uploads\/2022\/06\/IMG-3673.jpg?fit=756%2C1008&ssl=1&resize=350%2C200","width":350,"height":200},"classes":[]},{"id":5837,"url":"https:\/\/klintaart.com\/lv\/product\/felix\/","url_meta":{"origin":5840,"position":2},"title":"FELIX","date":"November 28, 2022","format":false,"excerpt":"Klintas Lapsas ori\u0123in\u0101l\u0101 abstrakt\u0101 glezna. Izm\u0113rs: 70x70x2 cm, e\u013c\u013ca uz audekla. Gatavs lik\u0161anai pie sienas. Glezna tapa saska\u0146\u0101 ar konkr\u0113t\u0101s dienas saj\u016bt\u0101m, kad man \u013coti grib\u0113j\u0101s nedaudz saules gaismas pel\u0113kaj\u0101 ikdien\u0101.","rel":"","context":"Similar post","img":{"alt_text":"","src":"https:\/\/i0.wp.com\/klintaart.com\/wp-content\/uploads\/2022\/11\/Fancy_feather_lamp_and_console_table-2-scaled.jpg?fit=900%2C1200&ssl=1&resize=350%2C200","width":350,"height":200},"classes":[]},{"id":5877,"url":"https:\/\/klintaart.com\/lv\/product\/ritosa-jura\/","url_meta":{"origin":5840,"position":3},"title":"ROLLING SEA","date":"May 22, 2023","format":false,"excerpt":"Klintas Lapsas ori\u0123in\u0101l\u0101 abstrakt\u0101 glezna. Izm\u0113rs: 100x120x2 cm, e\u013c\u013ca uz audekla. Gatavs lik\u0161anai pie sienas.","rel":"","context":"Similar post","img":{"alt_text":"","src":"https:\/\/i0.wp.com\/klintaart.com\/wp-content\/uploads\/2023\/05\/Living_room_with_bench_sofa_and_table-2-scaled.jpg?fit=1200%2C1200&ssl=1&resize=350%2C200","width":350,"height":200},"classes":[]},{"id":6093,"url":"https:\/\/klintaart.com\/lv\/product\/carpe-diem\/","url_meta":{"origin":5840,"position":4},"title":"CARPE DIEM","date":"April 25, 2024","format":false,"excerpt":"Klintas Lapsas ori\u0123in\u0101l\u0101 abstrakt\u0101 glezna. Izm\u0113rs: 80x80x2 cm, e\u013c\u013ca uz audekla. Gatavs lik\u0161anai pie sienas.","rel":"","context":"Similar post","img":{"alt_text":"","src":"https:\/\/i0.wp.com\/klintaart.com\/wp-content\/uploads\/2024\/04\/contemporary-interior-with-fancy-cabinet-1-scaled.jpg?fit=675%2C1200&ssl=1&resize=350%2C200","width":350,"height":200},"classes":[]},{"id":5826,"url":"https:\/\/klintaart.com\/lv\/product\/avota-udens\/","url_meta":{"origin":5840,"position":5},"title":"SPRING WATER","date":"June 12, 2021","format":false,"excerpt":"Nosaukums: Spring Water E\u013c\u013cas kr\u0101sas uz audekla Izm\u0113rs: 30 cm x 40 cm \u00a0 Viens no maniem iecien\u012bt\u0101kajiem darbiem. Man bija iesp\u0113ja doties plen\u0113r\u0101 pie pavasara \u016bdens Latvij\u0101, kur ir br\u012bnumainas kr\u0101sas. Glezn\u0101 redzamas avota \u016bdens paties\u0101s kr\u0101sas. \u0160\u012b glezna ir patiess piem\u0113rs tam, ka daba pati par sevi ir\u2026","rel":"","context":"Similar post","img":{"alt_text":"","src":"https:\/\/i0.wp.com\/klintaart.com\/wp-content\/uploads\/2021\/06\/unnamed-9.jpg?fit=756%2C1008&ssl=1&resize=350%2C200","width":350,"height":200},"classes":[]}],"_links":{"self":[{"href":"https:\/\/klintaart.com\/lv\/wp-json\/wp\/v3\/product\/5840","targetHints":{"allow":["GET"]}}],"collection":[{"href":"https:\/\/klintaart.com\/lv\/wp-json\/wp\/v3\/product"}],"about":[{"href":"https:\/\/klintaart.com\/lv\/wp-json\/wp\/v2\/types\/product"}],"replies":[{"embeddable":true,"href":"https:\/\/klintaart.com\/lv\/wp-json\/wp\/v2\/comments?post=5840"}],"wp:featuredmedia":[{"embeddable":true,"href":"https:\/\/klintaart.com\/lv\/wp-json\/wp\/v2\/media\/5737"}],"wp:attachment":[{"href":"https:\/\/klintaart.com\/lv\/wp-json\/wp\/v2\/media?parent=5840"}],"wp:term":[{"taxonomy":"product_cat","embeddable":true,"href":"https:\/\/klintaart.com\/lv\/wp-json\/wp\/v2\/product_cat?post=5840"},{"taxonomy":"product_tag","embeddable":true,"href":"https:\/\/klintaart.com\/lv\/wp-json\/wp\/v2\/product_tag?post=5840"}],"curies":[{"name":"wp","href":"https:\/\/api.w.org\/{rel}","templated":true}]}}