{"id":6248,"date":"2026-03-07T10:05:51","date_gmt":"2026-03-07T10:05:51","guid":{"rendered":"https:\/\/klintaart.com\/product\/lux-aurum\/"},"modified":"2026-03-07T10:05:51","modified_gmt":"2026-03-07T10:05:51","slug":"lux-aurum","status":"publish","type":"product","link":"https:\/\/klintaart.com\/lv\/product\/lux-aurum\/","title":{"rendered":"LUX AURUM"},"content":{"rendered":"","protected":false},"excerpt":{"rendered":"<div>Klintas Lapsas ori\u0123in\u0101l\u0101 abstrakt\u0101 glezna.<\/div>\n<div>Izm\u0113rs:100x100x2 cm, e\u013c\u013ca uz audek\u013ca.<\/div>\n<div>Gatavs lik\u0161anai pie sienas.<\/div>\n","protected":false},"featured_media":6241,"comment_status":"open","ping_status":"closed","template":"","meta":[],"product_cat":[139],"product_tag":[140,141,153,149,142,154,155],"class_list":["post-6248","product","type-product","status-publish","has-post-thumbnail","hentry","product_cat-gleznas","product_tag-abstrakta-maksla","product_tag-ella-uz-audekla","product_tag-ellas-krasosana","product_tag-interjers","product_tag-krasosana","product_tag-minimalisms","product_tag-modernisms"],"jetpack-related-posts":[{"id":6093,"url":"https:\/\/klintaart.com\/lv\/product\/carpe-diem\/","url_meta":{"origin":6248,"position":0},"title":"CARPE DIEM","date":"April 25, 2024","format":false,"excerpt":"Klintas Lapsas ori\u0123in\u0101l\u0101 abstrakt\u0101 glezna. Izm\u0113rs: 80x80x2 cm, e\u013c\u013ca uz audekla. Gatavs lik\u0161anai pie sienas.","rel":"","context":"Similar post","img":{"alt_text":"","src":"https:\/\/i0.wp.com\/klintaart.com\/wp-content\/uploads\/2024\/04\/contemporary-interior-with-fancy-cabinet-1-scaled.jpg?fit=675%2C1200&ssl=1&resize=350%2C200","width":350,"height":200},"classes":[]},{"id":6224,"url":"https:\/\/klintaart.com\/lv\/product\/inter-silentia\/","url_meta":{"origin":6248,"position":1},"title":"INTER SILENTIA","date":"January 21, 2026","format":false,"excerpt":"Klintas Lapsas ori\u0123in\u0101l\u0101 abstrakt\u0101 glezna. Izm\u0113rs:100x100x2 cm, e\u013c\u013ca uz audek\u013ca. Gatavs lik\u0161anai pie sienas.","rel":"","context":"Similar post","img":{"alt_text":"","src":"https:\/\/i0.wp.com\/klintaart.com\/wp-content\/uploads\/2026\/01\/minimalist-interior-with-a-lounge-chair-1-scaled.jpg?fit=1200%2C1200&ssl=1&resize=350%2C200","width":350,"height":200},"classes":[]},{"id":5877,"url":"https:\/\/klintaart.com\/lv\/product\/ritosa-jura\/","url_meta":{"origin":6248,"position":2},"title":"ROLLING SEA","date":"May 22, 2023","format":false,"excerpt":"Klintas Lapsas ori\u0123in\u0101l\u0101 abstrakt\u0101 glezna. Izm\u0113rs: 100x120x2 cm, e\u013c\u013ca uz audekla. Gatavs lik\u0161anai pie sienas.","rel":"","context":"Similar post","img":{"alt_text":"","src":"https:\/\/i0.wp.com\/klintaart.com\/wp-content\/uploads\/2023\/05\/Living_room_with_bench_sofa_and_table-2-scaled.jpg?fit=1200%2C1200&ssl=1&resize=350%2C200","width":350,"height":200},"classes":[]},{"id":5899,"url":"https:\/\/klintaart.com\/lv\/product\/udens-magija\/","url_meta":{"origin":6248,"position":3},"title":"WATER MAGIC","date":"June 18, 2023","format":false,"excerpt":"Klintas Lapsas ori\u0123in\u0101l\u0101 abstrakt\u0101 glezna. Izm\u0113rs: 120x150x2 cm, e\u013c\u013ca uz audekla. Gatavs lik\u0161anai pie sienas.","rel":"","context":"Similar post","img":{"alt_text":"","src":"https:\/\/i0.wp.com\/klintaart.com\/wp-content\/uploads\/2023\/06\/Chaise_lounger_in_modern_living_room-1-scaled.jpg?fit=1200%2C1200&ssl=1&resize=350%2C200","width":350,"height":200},"classes":[]},{"id":5923,"url":"https:\/\/klintaart.com\/lv\/product\/udenskritums-23\/","url_meta":{"origin":6248,"position":4},"title":"WATERFALL 23","date":"September 19, 2023","format":false,"excerpt":"Klintas Lapsas ori\u0123in\u0101l\u0101 abstrakt\u0101 glezna. Izm\u0113rs: 120x150x2 cm, e\u013c\u013ca uz audekla. Gatavs lik\u0161anai pie sienas.","rel":"","context":"Similar post","img":{"alt_text":"","src":"https:\/\/i0.wp.com\/klintaart.com\/wp-content\/uploads\/2023\/09\/Modern_living_room_with_large_colorful_rug.jpg?fit=1200%2C1200&ssl=1&resize=350%2C200","width":350,"height":200},"classes":[]},{"id":5887,"url":"https:\/\/klintaart.com\/lv\/product\/the-hidden-cave\/","url_meta":{"origin":6248,"position":5},"title":"THE HIDDEN CAVE","date":"May 22, 2023","format":false,"excerpt":"Klintas Lapsas ori\u0123in\u0101l\u0101 abstrakt\u0101 glezna. Izm\u0113rs: 90x170x2 cm, e\u013c\u013ca uz audekla. Gatavs lik\u0161anai pie sienas.","rel":"","context":"Similar post","img":{"alt_text":"","src":"https:\/\/i0.wp.com\/klintaart.com\/wp-content\/uploads\/2023\/09\/retro-armchair-sitting-on-platform-2-scaled.jpg?fit=1200%2C1200&ssl=1&resize=350%2C200","width":350,"height":200},"classes":[]}],"_links":{"self":[{"href":"https:\/\/klintaart.com\/lv\/wp-json\/wp\/v3\/product\/6248","targetHints":{"allow":["GET"]}}],"collection":[{"href":"https:\/\/klintaart.com\/lv\/wp-json\/wp\/v3\/product"}],"about":[{"href":"https:\/\/klintaart.com\/lv\/wp-json\/wp\/v2\/types\/product"}],"replies":[{"embeddable":true,"href":"https:\/\/klintaart.com\/lv\/wp-json\/wp\/v2\/comments?post=6248"}],"wp:featuredmedia":[{"embeddable":true,"href":"https:\/\/klintaart.com\/lv\/wp-json\/wp\/v2\/media\/6241"}],"wp:attachment":[{"href":"https:\/\/klintaart.com\/lv\/wp-json\/wp\/v2\/media?parent=6248"}],"wp:term":[{"taxonomy":"product_cat","embeddable":true,"href":"https:\/\/klintaart.com\/lv\/wp-json\/wp\/v2\/product_cat?post=6248"},{"taxonomy":"product_tag","embeddable":true,"href":"https:\/\/klintaart.com\/lv\/wp-json\/wp\/v2\/product_tag?post=6248"}],"curies":[{"name":"wp","href":"https:\/\/api.w.org\/{rel}","templated":true}]}}